{"id":988,"date":"2015-05-05T15:33:59","date_gmt":"2015-05-05T15:33:59","guid":{"rendered":"\/?page_id=988"},"modified":"2025-04-01T13:09:58","modified_gmt":"2025-04-01T11:09:58","slug":"reparatur","status":"publish","type":"page","link":"https:\/\/beta.flysurfer.com\/de\/reparatur\/","title":{"rendered":"Reparatur"},"content":{"rendered":"<p>[et_pb_section fb_built=&#8220;1&#8243; admin_label=&#8220;section&#8220; _builder_version=&#8220;3.22&#8243;][et_pb_row admin_label=&#8220;row&#8220; _builder_version=&#8220;3.25&#8243; background_size=&#8220;initial&#8220; background_position=&#8220;top_left&#8220; background_repeat=&#8220;repeat&#8220; custom_margin=&#8220;40px|||&#8220;][et_pb_column type=&#8220;4_4&#8243; _builder_version=&#8220;3.25&#8243; custom_padding=&#8220;|||&#8220; custom_padding__hover=&#8220;|||&#8220;][et_pb_text admin_label=&#8220;Titel&#8220; _builder_version=&#8220;3.27.4&#8243; background_size=&#8220;initial&#8220; background_position=&#8220;top_left&#8220; background_repeat=&#8220;repeat&#8220; use_border_color=&#8220;off&#8220; border_color=&#8220;#ffffff&#8220; border_style=&#8220;solid&#8220;]<\/p>\n<h1><strong>REPARATUR SERVICE<\/strong><\/h1>\n<h4>Ablauf und Kontakt bei einem Serviceauftrag<\/h4>\n<p>[\/et_pb_text][\/et_pb_column][\/et_pb_row][et_pb_row column_structure=&#8220;2_3,1_3&#8243; admin_label=&#8220;row&#8220; _builder_version=&#8220;3.25&#8243; background_size=&#8220;initial&#8220; background_position=&#8220;top_left&#8220; background_repeat=&#8220;repeat&#8220;][et_pb_column type=&#8220;2_3&#8243; _builder_version=&#8220;3.25&#8243; custom_padding=&#8220;|||&#8220; custom_padding__hover=&#8220;|||&#8220;][et_pb_text _builder_version=&#8220;4.7.4&#8243; background_size=&#8220;initial&#8220; background_position=&#8220;top_left&#8220; background_repeat=&#8220;repeat&#8220; use_border_color=&#8220;off&#8220; border_color=&#8220;#ffffff&#8220; border_style=&#8220;solid&#8220;]<\/p>\n<p>Du hast eine Reparatur, ben\u00f6tigst ein Tuning oder Ersatzteile m\u00fcssen eingebaut werden? Dann \u00fcberpr\u00fcfe zun\u00e4chst auf der<strong>\u00a0<a href=\"https:\/\/beta.flysurfer.com\/de\/fs-partner\/\" target=\"_blank\" rel=\"noopener noreferrer\">Partner Map<\/a><\/strong>, ob sich ein H\u00e4ndler in deiner N\u00e4he befindet. Ein lokaler H\u00e4ndler bietet dir schnellere Hilfe und entsprechend g\u00fcnstigeren Support, da du beispielsweise Versand- und Zollkosten sparen kannst. Sollte kein H\u00e4ndler in deiner N\u00e4he sein, ber\u00fccksichtige bitte die folgenden Abl\u00e4ufe.<\/p>\n<p>Solltest du weitere Hilfe ben\u00f6tigen, erreichst du uns im Hauptquartier per Telefon oder E-Mail.<\/p>\n<p><strong><span class=\"ui-provider a b c d e f g h i j k l m n o p q r s t u v w x y z ab ac ae af ag ah ai aj ak\" dir=\"ltr\">Aufgrund des hohen Reparatur- und Checkaufkommens betr\u00e4gt die Bearbeitungszeit in unserer Werkstatt nach Auftragsbest\u00e4tigung derzeit ca. drei Wochen.<\/span><\/strong><\/p>\n<p>[\/et_pb_text][et_pb_text _builder_version=&#8220;4.7.4&#8243; background_size=&#8220;initial&#8220; background_position=&#8220;top_left&#8220; background_repeat=&#8220;repeat&#8220; hover_enabled=&#8220;0&#8243; use_border_color=&#8220;off&#8220; border_color=&#8220;#ffffff&#8220; border_style=&#8220;solid&#8220; sticky_enabled=&#8220;0&#8243;]<\/p>\n<p><strong>Ablauf bei einer Zusendung<\/strong><\/p>\n<p>1. Den\u00a0<a href=\"\/download\/4720\/\" target=\"_blank\" rel=\"noopener noreferrer\"><strong>Serviceauftrag [pdf]<\/strong><\/a>\u00a0ausdrucken und vollst\u00e4ndig ausf\u00fcllen!<br \/>2. <strong>Achtung Wichtig!<\/strong> Genaue Schadens- und Hergangsbeschreibung sowie komplette Daten (s. Serviceauftrag) sind zur schnellen Bearbeitung zwingend n\u00f6tig.<br \/>3. Artikel trocken, sauber, sandfrei und sicher verpacken.<br \/>4. Den Artikel zusammen mit dem ausgef\u00fcllten Serviceauftrag (und bei speziellen Vereinbarungen bitte Kopie des E-Mail-Verkehrs) an die nebenstehende Adresse senden.<br \/>5. Du erh\u00e4ltst eine Best\u00e4tigung \u00fcber den Wareneingang per E-Mail.<\/p>\n<p>[\/et_pb_text][et_pb_divider show_divider=&#8220;off&#8220; _builder_version=&#8220;3.9&#8243; height=&#8220;20px&#8220;][\/et_pb_divider][et_pb_text _builder_version=&#8220;4.7.4&#8243; background_size=&#8220;initial&#8220; background_position=&#8220;top_left&#8220; background_repeat=&#8220;repeat&#8220; hover_enabled=&#8220;0&#8243; use_border_color=&#8220;off&#8220; sticky_enabled=&#8220;0&#8243;]<\/p>\n<p><strong>Ablauf bei einem Serviceauftrag<\/strong><\/p>\n<p>Der interne Ablauf bei einem Serviceauftrag l\u00e4uft folgenderma\u00dfen ab:<\/p>\n<ol class=\"zahl\">\n<li>Du bekommst eine Best\u00e4tigung \u00fcber den Wareneingang per E-Mail.<\/li>\n<li><span data-teams=\"true\">Nach einer genauen Inspizierung deiner Ausr\u00fcstung, \u00fcbermitteln wir dir einen Kostenvoranschlag \u00fcber den Gesamtbetrag des Auftrags zusammen mit den entsprechenden Zahlungsbedingungen.<br \/><\/span><\/li>\n<li><span data-teams=\"true\">Nachdem die Freigabe durch den Zahlungseingang erteilt wurde, wird die Reparatur deiner Ausr\u00fcstung eingeplant. Aus abwicklungstechnischen Gr\u00fcnden m\u00fcssen wir auf Vorauskasse bestehen.<\/span><\/li>\n<li><span data-teams=\"true\">Sobald deine Ausr\u00fcstung repariert ist, wird sie in den n\u00e4chsten 1-2 Tagen umgehend per UPS versendet.<\/span><\/li>\n<\/ol>\n<p>[\/et_pb_text][et_pb_divider show_divider=&#8220;off&#8220; _builder_version=&#8220;3.17.6&#8243; height=&#8220;20px&#8220;][\/et_pb_divider][et_pb_text _builder_version=&#8220;4.7.4&#8243; background_size=&#8220;initial&#8220; background_position=&#8220;top_left&#8220; background_repeat=&#8220;repeat&#8220; use_border_color=&#8220;off&#8220; border_color=&#8220;#ffffff&#8220; border_style=&#8220;solid&#8220;]<\/p>\n<p><strong>R\u00fccksendungen aus einem Drittland<\/strong><\/p>\n<p>Bei Zusendungen au\u00dferhalb der EU, bitte den Serviceauftrag inklusive Seriennummer des Artikels vorab per E-Mail an unseren Technical Support (<a href=\"mailto:support@skywalk.org\" target=\"_blank\" rel=\"noopener noreferrer\">support@beta.flysurfer.com<\/a>) \u00fcbermitteln, um eventuelle Unstimmigkeiten beim Zoll schneller kl\u00e4ren zu k\u00f6nnen. Bei R\u00fccksendungen aus einem Drittland bitten wir um die ordnungsgem\u00e4\u00dfe Deklarierung der Ware. Hierzu sind folgende Angaben notwendig:<\/p>\n<ul>\n<li>Beilage der Rechnung zum betreffenden Artikel<\/li>\n<li>Eintragung des R\u00fccksendegrunds (Reparatur &#8211; zur\u00fcck zum Hersteller) auf dem Versanddokument<\/li>\n<\/ul>\n<p>&nbsp;<\/p>\n<p><strong>Hinweis f\u00fcr Einsendungen aus einem Drittland<\/strong><\/p>\n<p>Bitte beachte, dass bei Einsendungen aus einem Drittland immer Einfuhr- und Bearbeitungskosten anfallen, die wir in H\u00f6he von 70 \u20ac leider weiterberechnen m\u00fcssen. Diese Kosten kommen zus\u00e4tzlich zu den regul\u00e4ren Reparatur- und Servicekosten hinzu.<\/p>\n<p>Au\u00dferdem m\u00f6chten wir dich darauf hinweisen, dass bei der Wiedereinfuhr in dein Land Einfuhrz\u00f6lle anfallen k\u00f6nnen. Auf die H\u00f6he dieser Z\u00f6lle haben wir leider keinen Einfluss.<\/p>\n<p>Eine Ausnahme gilt bei Garantief\u00e4llen: Hier \u00fcbernehmen wir selbstverst\u00e4ndlich alle anfallenden Kosten f\u00fcr dich.<\/p>\n<p><strong>Wichtig:<\/strong> Falls dein Produkt beim Kauf nicht ordnungsgem\u00e4\u00df ausgef\u00fchrt und verzollt wurde, muss es bei einem R\u00fcckversand nach der Reparatur oder dem Service in ein Drittland vollst\u00e4ndig verzollt werden. Dabei k\u00f6nnen h\u00f6here Kosten entstehen, die auch bei einem Garantiefall nicht von uns \u00fcbernommen werden.<\/p>\n<p>Vielen Dank f\u00fcr dein Verst\u00e4ndnis!<\/p>\n<p>[\/et_pb_text][\/et_pb_column][et_pb_column type=&#8220;1_3&#8243; _builder_version=&#8220;3.25&#8243; custom_padding=&#8220;|||&#8220; custom_padding__hover=&#8220;|||&#8220;][et_pb_blurb use_icon=&#8220;on&#8220; font_icon=&#8220;\ue081&#8220; icon_color=&#8220;#fcfcfc&#8220; use_circle=&#8220;on&#8220; icon_placement=&#8220;left&#8220; admin_label=&#8220;Store Finder&#8220; _builder_version=&#8220;4.7.4&#8243; background_size=&#8220;initial&#8220; background_position=&#8220;top_left&#8220; background_repeat=&#8220;repeat&#8220; max_width_tablet=&#8220;50px&#8220; animation=&#8220;left&#8220; use_border_color=&#8220;off&#8220;]\u00dcber unsere <a href=\"\/de\/fs-partner\/\">Partner Map<\/a> findest du alle H\u00e4ndler in deiner N\u00e4he!<br \/>\n[\/et_pb_blurb][et_pb_blurb use_icon=&#8220;on&#8220; font_icon=&#8220;\ue090&#8220; icon_color=&#8220;#fcfcfc&#8220; use_circle=&#8220;on&#8220; icon_placement=&#8220;left&#8220; admin_label=&#8220;Mail &#038; Phone&#8220; _builder_version=&#8220;4.7.4&#8243; background_size=&#8220;initial&#8220; background_position=&#8220;top_left&#8220; background_repeat=&#8220;repeat&#8220; max_width_tablet=&#8220;50px&#8220; animation=&#8220;left&#8220; use_border_color=&#8220;off&#8220;]<\/p>\n<p><strong>E-Mail:<\/strong>\u00a0<a href=\"mailto:support@beta.flysurfer.com\" target=\"_blank\" rel=\"noopener noreferrer\">support@beta.flysurfer.com<\/a><br \/><strong>Telefon:<\/strong> +49 (0) 8641 6948 0<\/p>\n<p>[\/et_pb_blurb][et_pb_blurb use_icon=&#8220;on&#8220; font_icon=&#8220;\ue074&#8220; icon_color=&#8220;#fcfcfc&#8220; use_circle=&#8220;on&#8220; icon_placement=&#8220;left&#8220; admin_label=&#8220;Adresse&#8220; _builder_version=&#8220;4.7.4&#8243; background_size=&#8220;initial&#8220; background_position=&#8220;top_left&#8220; background_repeat=&#8220;repeat&#8220; animation=&#8220;left&#8220; use_border_color=&#8220;off&#8220; border_color=&#8220;#ffffff&#8220; border_style=&#8220;solid&#8220;]<\/p>\n<p>FLYSURFER Kiteboarding<br \/>Brand of Skywalk GmbH &amp; Co. KG<br \/>&#8222;Reparatur&#8220;<br \/>Windeckstr. 4<br \/>83250 Marquartstein<br \/>GERMANY<\/p>\n<p>[\/et_pb_blurb][\/et_pb_column][\/et_pb_row][et_pb_row disabled_on=&#8220;on|on|on&#8220; _builder_version=&#8220;3.25&#8243; disabled=&#8220;on&#8220;][et_pb_column type=&#8220;4_4&#8243; _builder_version=&#8220;3.25&#8243; custom_padding=&#8220;|||&#8220; custom_padding__hover=&#8220;|||&#8220;][et_pb_text admin_label=&#8220;Box Delays&#8220; _builder_version=&#8220;3.27.4&#8243; background_size=&#8220;initial&#8220; background_position=&#8220;top_left&#8220; background_repeat=&#8220;repeat&#8220; text_orientation=&#8220;center&#8220; module_alignment=&#8220;center&#8220; custom_padding=&#8220;40px|40px|40px|40px&#8220; border_width_all=&#8220;5px&#8220; border_color_all=&#8220;#f59100&#8243;]<span style=\"color: #f59100;\"><strong>ENGPASS BEI REPARATUREN<\/strong><\/span><\/p>\n<p>Unser Werkstattteam ist saison- und krankheitsbedingt derzeit am Limit, es kann dadurch zu l\u00e4ngeren Wartezeiten von bis zu 4-5 Wochen kommen. Wir bitten um euer Verst\u00e4ndnis, denn auch wenn wir schon auf der Suche nach Verst\u00e4rkung sind, dauert es erfahrungsgem\u00e4\u00df ein paar Wochen bis das Wirkung zeigt.<\/p>\n<p><strong>Vielen Dank f\u00fcr euer Verst\u00e4ndnis, euer FLYSURFER Team<\/strong><br \/>\n[\/et_pb_text][\/et_pb_column][\/et_pb_row][\/et_pb_section][et_pb_section fb_built=&#8220;1&#8243; fullwidth=&#8220;on&#8220; disabled_on=&#8220;on|on|on&#8220; admin_label=&#8220;section&#8220; _builder_version=&#8220;3.22&#8243; background_color=&#8220;#ffffff&#8220; disabled=&#8220;on&#8220;][et_pb_fullwidth_slider admin_label=&#8220;Vollbreiter Slider&#8220; _builder_version=&#8220;3.16&#8243; parallax=&#8220;on&#8220; custom_padding=&#8220;|||&#8220; custom_padding_tablet=&#8220;|||&#8220; custom_padding_phone=&#8220;|||&#8220; box_shadow_style=&#8220;preset6&#8243; box_shadow_blur=&#8220;10px&#8220; box_shadow_color=&#8220;rgba(0,0,0,0.1)&#8220; remove_inner_shadow=&#8220;off&#8220; hide_content_on_mobile=&#8220;off&#8220; hide_cta_on_mobile=&#8220;off&#8220; show_inner_shadow=&#8220;on&#8220; button_letter_spacing_hover=&#8220;0&#8243; button_text_size__hover_enabled=&#8220;off&#8220; button_one_text_size__hover_enabled=&#8220;off&#8220; button_two_text_size__hover_enabled=&#8220;off&#8220; button_text_color__hover_enabled=&#8220;off&#8220; button_one_text_color__hover_enabled=&#8220;off&#8220; button_two_text_color__hover_enabled=&#8220;off&#8220; button_border_width__hover_enabled=&#8220;off&#8220; button_one_border_width__hover_enabled=&#8220;off&#8220; button_two_border_width__hover_enabled=&#8220;off&#8220; button_border_color__hover_enabled=&#8220;off&#8220; button_one_border_color__hover_enabled=&#8220;off&#8220; button_two_border_color__hover_enabled=&#8220;off&#8220; button_border_radius__hover_enabled=&#8220;off&#8220; button_one_border_radius__hover_enabled=&#8220;off&#8220; button_two_border_radius__hover_enabled=&#8220;off&#8220; button_letter_spacing__hover_enabled=&#8220;on&#8220; button_letter_spacing__hover=&#8220;0&#8243; button_one_letter_spacing__hover_enabled=&#8220;off&#8220; button_two_letter_spacing__hover_enabled=&#8220;off&#8220; button_bg_color__hover_enabled=&#8220;off&#8220; button_one_bg_color__hover_enabled=&#8220;off&#8220; button_two_bg_color__hover_enabled=&#8220;off&#8220;][et_pb_slide _builder_version=&#8220;3.16&#8243; background_color=&#8220;#ffffff&#8220; background_image=&#8220;\/files\/2015\/08\/Reparatur-Slider1.jpg&#8220; button_icon_placement=&#8220;right&#8220; button_on_hover=&#8220;on&#8220; button_text_size__hover_enabled=&#8220;off&#8220; button_one_text_size__hover_enabled=&#8220;off&#8220; button_two_text_size__hover_enabled=&#8220;off&#8220; button_text_color__hover_enabled=&#8220;off&#8220; button_one_text_color__hover_enabled=&#8220;off&#8220; button_two_text_color__hover_enabled=&#8220;off&#8220; button_border_width__hover_enabled=&#8220;off&#8220; button_one_border_width__hover_enabled=&#8220;off&#8220; button_two_border_width__hover_enabled=&#8220;off&#8220; button_border_color__hover_enabled=&#8220;off&#8220; button_one_border_color__hover_enabled=&#8220;off&#8220; button_two_border_color__hover_enabled=&#8220;off&#8220; button_border_radius__hover_enabled=&#8220;off&#8220; button_one_border_radius__hover_enabled=&#8220;off&#8220; button_two_border_radius__hover_enabled=&#8220;off&#8220; button_letter_spacing__hover_enabled=&#8220;off&#8220; button_one_letter_spacing__hover_enabled=&#8220;off&#8220; button_two_letter_spacing__hover_enabled=&#8220;off&#8220; button_bg_color__hover_enabled=&#8220;off&#8220; button_one_bg_color__hover_enabled=&#8220;off&#8220; button_two_bg_color__hover_enabled=&#8220;off&#8220; sticky_transition=&#8220;on&#8220;] [\/et_pb_slide][\/et_pb_fullwidth_slider][\/et_pb_section][et_pb_section fb_built=&#8220;1&#8243; inner_shadow=&#8220;on&#8220; custom_padding_last_edited=&#8220;on|desktop&#8220; admin_label=&#8220;section&#8220; _builder_version=&#8220;3.22&#8243; background_color=&#8220;#fcfcfc&#8220; custom_padding_tablet=&#8220;50px|0|50px|0&#8243; custom_padding_phone=&#8220;&#8220; transparent_background=&#8220;off&#8220; padding_mobile=&#8220;off&#8220; make_fullwidth=&#8220;off&#8220; use_custom_width=&#8220;off&#8220; width_unit=&#8220;on&#8220;][et_pb_row column_structure=&#8220;1_4,1_4,1_4,1_4&#8243; admin_label=&#8220;row&#8220; _builder_version=&#8220;4.7.4&#8243; background_size=&#8220;initial&#8220; background_position=&#8220;top_left&#8220; background_repeat=&#8220;repeat&#8220;][et_pb_column type=&#8220;1_4&#8243; _builder_version=&#8220;3.25&#8243; custom_padding=&#8220;|||&#8220; custom_padding__hover=&#8220;|||&#8220;][et_pb_blurb title=&#8220;Zeit&#8220; use_icon=&#8220;on&#8220; font_icon=&#8220;}&#8220; icon_color=&#8220;#fcfcfc&#8220; use_circle=&#8220;on&#8220; admin_label=&#8220;Zeit&#8220; _builder_version=&#8220;4.7.4&#8243; background_size=&#8220;initial&#8220; background_position=&#8220;top_left&#8220; background_repeat=&#8220;repeat&#8220; text_orientation=&#8220;center&#8220; use_border_color=&#8220;off&#8220; border_color=&#8220;#ffffff&#8220; border_style=&#8220;solid&#8220;]<\/p>\n<p>Abh\u00e4ngig von der Auftragslage ist mit einer Dauer von\u00a0zwei Wochen nach deiner Freigabe zu rechnen.<\/p>\n<p>[\/et_pb_blurb][\/et_pb_column][et_pb_column type=&#8220;1_4&#8243; _builder_version=&#8220;3.25&#8243; custom_padding=&#8220;|||&#8220; custom_padding__hover=&#8220;|||&#8220;][et_pb_blurb title=&#8220;Kosten&#8220; use_icon=&#8220;on&#8220; font_icon=&#8220;\ue0ed&#8220; icon_color=&#8220;#fcfcfc&#8220; use_circle=&#8220;on&#8220; admin_label=&#8220;Kosten&#8220; _builder_version=&#8220;4.7.4&#8243; background_size=&#8220;initial&#8220; background_position=&#8220;top_left&#8220; background_repeat=&#8220;repeat&#8220; text_orientation=&#8220;center&#8220; use_border_color=&#8220;off&#8220; border_color=&#8220;#ffffff&#8220; border_style=&#8220;solid&#8220;]<\/p>\n<p>Bei einen Reparaturauftrag kostet die Arbeitsstunde 79,00 EUR. Die Kosten f\u00fcr die R\u00fccksendung der Ware tr\u00e4gt der Kunde.<\/p>\n<p>[\/et_pb_blurb][\/et_pb_column][et_pb_column type=&#8220;1_4&#8243; _builder_version=&#8220;3.25&#8243; custom_padding=&#8220;|||&#8220; custom_padding__hover=&#8220;|||&#8220;][et_pb_blurb title=&#8220;Vorbereitung&#8220; use_icon=&#8220;on&#8220; font_icon=&#8220;r&#8220; icon_color=&#8220;#fcfcfc&#8220; use_circle=&#8220;on&#8220; admin_label=&#8220;Vorbereitung&#8220; _builder_version=&#8220;4.7.4&#8243; background_size=&#8220;initial&#8220; background_position=&#8220;top_left&#8220; background_repeat=&#8220;repeat&#8220; text_orientation=&#8220;center&#8220; use_border_color=&#8220;off&#8220; border_color=&#8220;#ffffff&#8220; border_style=&#8220;solid&#8220;]<\/p>\n<p>Die anfallende Arbeitszeit, um deine eingeschickte Ware reparaturf\u00e4hig zu machen (nass, versandet, verschmutz, etc.) wird in Rechnung gestellt!<\/p>\n<p>[\/et_pb_blurb][\/et_pb_column][et_pb_column type=&#8220;1_4&#8243; _builder_version=&#8220;3.25&#8243; custom_padding=&#8220;|||&#8220; custom_padding__hover=&#8220;|||&#8220;][et_pb_blurb title=&#8220;Kontaktdetails&#8220; use_icon=&#8220;on&#8220; font_icon=&#8220;c&#8220; icon_color=&#8220;#fcfcfc&#8220; use_circle=&#8220;on&#8220; admin_label=&#8220;Kontaktdetails&#8220; _builder_version=&#8220;4.7.4&#8243; background_size=&#8220;initial&#8220; background_position=&#8220;top_left&#8220; background_repeat=&#8220;repeat&#8220; text_orientation=&#8220;center&#8220; use_border_color=&#8220;off&#8220; border_color=&#8220;#ffffff&#8220; border_style=&#8220;solid&#8220;]<\/p>\n<p>Achte darauf, dass alle deine Kontaktdaten im Serviceauftrag gut leserlich ausgef\u00fcllt sind, um Verz\u00f6gerungen zu vermeiden.<\/p>\n<p>[\/et_pb_blurb][\/et_pb_column][\/et_pb_row][\/et_pb_section]<\/p>\n","protected":false},"excerpt":{"rendered":"<p>[et_pb_section fb_built=&#8220;1&#8243; admin_label=&#8220;section&#8220; _builder_version=&#8220;3.22&#8243;][et_pb_row admin_label=&#8220;row&#8220; _builder_version=&#8220;3.25&#8243; background_size=&#8220;initial&#8220; background_position=&#8220;top_left&#8220; background_repeat=&#8220;repeat&#8220; custom_margin=&#8220;40px|||&#8220;][et_pb_column type=&#8220;4_4&#8243; _builder_version=&#8220;3.25&#8243; custom_padding=&#8220;|||&#8220; custom_padding__hover=&#8220;|||&#8220;][et_pb_text admin_label=&#8220;Titel&#8220; _builder_version=&#8220;3.27.4&#8243; background_size=&#8220;initial&#8220; background_position=&#8220;top_left&#8220; background_repeat=&#8220;repeat&#8220; use_border_color=&#8220;off&#8220; border_color=&#8220;#ffffff&#8220; border_style=&#8220;solid&#8220;] REPARATUR SERVICE Ablauf und Kontakt bei einem Serviceauftrag [\/et_pb_text][\/et_pb_column][\/et_pb_row][et_pb_row column_structure=&#8220;2_3,1_3&#8243; admin_label=&#8220;row&#8220; _builder_version=&#8220;3.25&#8243; background_size=&#8220;initial&#8220; background_position=&#8220;top_left&#8220; background_repeat=&#8220;repeat&#8220;][et_pb_column type=&#8220;2_3&#8243; _builder_version=&#8220;3.25&#8243; custom_padding=&#8220;|||&#8220; custom_padding__hover=&#8220;|||&#8220;][et_pb_text _builder_version=&#8220;4.7.4&#8243; background_size=&#8220;initial&#8220; background_position=&#8220;top_left&#8220; background_repeat=&#8220;repeat&#8220; use_border_color=&#8220;off&#8220; border_color=&#8220;#ffffff&#8220; border_style=&#8220;solid&#8220;] Du hast eine Reparatur, ben\u00f6tigst ein Tuning [&hellip;]<\/p>\n","protected":false},"author":27,"featured_media":0,"parent":0,"menu_order":0,"comment_status":"open","ping_status":"open","template":"","meta":{"_et_pb_use_builder":"on","_et_pb_old_content":"","_et_gb_content_width":"","footnotes":""},"class_list":["post-988","page","type-page","status-publish","hentry"],"yoast_head":"<!-- This site is optimized with the Yoast SEO plugin v26.5 - https:\/\/yoast.com\/wordpress\/plugins\/seo\/ -->\n<title>Reparatur - FLYSURFER<\/title>\n<meta name=\"description\" content=\"FLYSURFER Kiteboarding entwickelt, produziert und vertreibt seit 2001 innovative Kiteschirme und Kiteboards ... everyday is a kiteday!\" \/>\n<meta name=\"robots\" content=\"index, follow, max-snippet:-1, max-image-preview:large, max-video-preview:-1\" \/>\n<link rel=\"canonical\" href=\"https:\/\/beta.flysurfer.com\/repair\/\" \/>\n<meta property=\"og:locale\" content=\"de_DE\" \/>\n<meta property=\"og:type\" content=\"article\" \/>\n<meta property=\"og:title\" content=\"Reparatur - FLYSURFER\" \/>\n<meta property=\"og:description\" content=\"FLYSURFER Kiteboarding entwickelt, produziert und vertreibt seit 2001 innovative Kiteschirme und Kiteboards ... everyday is a kiteday!\" \/>\n<meta property=\"og:url\" content=\"https:\/\/beta.flysurfer.com\/repair\/\" \/>\n<meta property=\"og:site_name\" content=\"FLYSURFER\" \/>\n<meta property=\"article:modified_time\" content=\"2025-04-01T11:09:58+00:00\" \/>\n<meta name=\"twitter:card\" content=\"summary_large_image\" \/>\n<meta name=\"twitter:label1\" content=\"Gesch\u00e4tzte Lesezeit\" \/>\n\t<meta name=\"twitter:data1\" content=\"4\u00a0Minuten\" \/>\n<script type=\"application\/ld+json\" class=\"yoast-schema-graph\">{\"@context\":\"https:\/\/schema.org\",\"@graph\":[{\"@type\":\"WebPage\",\"@id\":\"https:\/\/beta.flysurfer.com\/repair\/\",\"url\":\"https:\/\/beta.flysurfer.com\/repair\/\",\"name\":\"Reparatur - FLYSURFER\",\"isPartOf\":{\"@id\":\"https:\/\/flysurfer.com\/de\/#website\"},\"datePublished\":\"2015-05-05T15:33:59+00:00\",\"dateModified\":\"2025-04-01T11:09:58+00:00\",\"description\":\"FLYSURFER Kiteboarding entwickelt, produziert und vertreibt seit 2001 innovative Kiteschirme und Kiteboards ... everyday is a kiteday!\",\"breadcrumb\":{\"@id\":\"https:\/\/beta.flysurfer.com\/repair\/#breadcrumb\"},\"inLanguage\":\"de\",\"potentialAction\":[{\"@type\":\"ReadAction\",\"target\":[\"https:\/\/beta.flysurfer.com\/repair\/\"]}]},{\"@type\":\"BreadcrumbList\",\"@id\":\"https:\/\/beta.flysurfer.com\/repair\/#breadcrumb\",\"itemListElement\":[{\"@type\":\"ListItem\",\"position\":1,\"name\":\"Home\",\"item\":\"https:\/\/beta.flysurfer.com\/de\/\"},{\"@type\":\"ListItem\",\"position\":2,\"name\":\"Reparatur\"}]},{\"@type\":\"WebSite\",\"@id\":\"https:\/\/flysurfer.com\/de\/#website\",\"url\":\"https:\/\/flysurfer.com\/de\/\",\"name\":\"FLYSURFER\",\"description\":\"ahead of its time\",\"potentialAction\":[{\"@type\":\"SearchAction\",\"target\":{\"@type\":\"EntryPoint\",\"urlTemplate\":\"https:\/\/flysurfer.com\/de\/?s={search_term_string}\"},\"query-input\":{\"@type\":\"PropertyValueSpecification\",\"valueRequired\":true,\"valueName\":\"search_term_string\"}}],\"inLanguage\":\"de\"}]}<\/script>\n<!-- \/ Yoast SEO plugin. -->","yoast_head_json":{"title":"Reparatur - FLYSURFER","description":"FLYSURFER Kiteboarding entwickelt, produziert und vertreibt seit 2001 innovative Kiteschirme und Kiteboards ... everyday is a kiteday!","robots":{"index":"index","follow":"follow","max-snippet":"max-snippet:-1","max-image-preview":"max-image-preview:large","max-video-preview":"max-video-preview:-1"},"canonical":"https:\/\/beta.flysurfer.com\/repair\/","og_locale":"de_DE","og_type":"article","og_title":"Reparatur - FLYSURFER","og_description":"FLYSURFER Kiteboarding entwickelt, produziert und vertreibt seit 2001 innovative Kiteschirme und Kiteboards ... everyday is a kiteday!","og_url":"https:\/\/beta.flysurfer.com\/repair\/","og_site_name":"FLYSURFER","article_modified_time":"2025-04-01T11:09:58+00:00","twitter_card":"summary_large_image","twitter_misc":{"Gesch\u00e4tzte Lesezeit":"4\u00a0Minuten"},"schema":{"@context":"https:\/\/schema.org","@graph":[{"@type":"WebPage","@id":"https:\/\/beta.flysurfer.com\/repair\/","url":"https:\/\/beta.flysurfer.com\/repair\/","name":"Reparatur - FLYSURFER","isPartOf":{"@id":"https:\/\/flysurfer.com\/de\/#website"},"datePublished":"2015-05-05T15:33:59+00:00","dateModified":"2025-04-01T11:09:58+00:00","description":"FLYSURFER Kiteboarding entwickelt, produziert und vertreibt seit 2001 innovative Kiteschirme und Kiteboards ... everyday is a kiteday!","breadcrumb":{"@id":"https:\/\/beta.flysurfer.com\/repair\/#breadcrumb"},"inLanguage":"de","potentialAction":[{"@type":"ReadAction","target":["https:\/\/beta.flysurfer.com\/repair\/"]}]},{"@type":"BreadcrumbList","@id":"https:\/\/beta.flysurfer.com\/repair\/#breadcrumb","itemListElement":[{"@type":"ListItem","position":1,"name":"Home","item":"https:\/\/beta.flysurfer.com\/de\/"},{"@type":"ListItem","position":2,"name":"Reparatur"}]},{"@type":"WebSite","@id":"https:\/\/flysurfer.com\/de\/#website","url":"https:\/\/flysurfer.com\/de\/","name":"FLYSURFER","description":"ahead of its time","potentialAction":[{"@type":"SearchAction","target":{"@type":"EntryPoint","urlTemplate":"https:\/\/flysurfer.com\/de\/?s={search_term_string}"},"query-input":{"@type":"PropertyValueSpecification","valueRequired":true,"valueName":"search_term_string"}}],"inLanguage":"de"}]}},"_links":{"self":[{"href":"https:\/\/beta.flysurfer.com\/de\/wp-json\/wp\/v2\/pages\/988","targetHints":{"allow":["GET"]}}],"collection":[{"href":"https:\/\/beta.flysurfer.com\/de\/wp-json\/wp\/v2\/pages"}],"about":[{"href":"https:\/\/beta.flysurfer.com\/de\/wp-json\/wp\/v2\/types\/page"}],"author":[{"embeddable":true,"href":"https:\/\/beta.flysurfer.com\/de\/wp-json\/wp\/v2\/users\/27"}],"replies":[{"embeddable":true,"href":"https:\/\/beta.flysurfer.com\/de\/wp-json\/wp\/v2\/comments?post=988"}],"version-history":[{"count":32,"href":"https:\/\/beta.flysurfer.com\/de\/wp-json\/wp\/v2\/pages\/988\/revisions"}],"predecessor-version":[{"id":65141,"href":"https:\/\/beta.flysurfer.com\/de\/wp-json\/wp\/v2\/pages\/988\/revisions\/65141"}],"wp:attachment":[{"href":"https:\/\/beta.flysurfer.com\/de\/wp-json\/wp\/v2\/media?parent=988"}],"curies":[{"name":"wp","href":"https:\/\/api.w.org\/{rel}","templated":true}]}}