{"id":63097,"date":"2025-01-15T15:38:06","date_gmt":"2025-01-15T14:38:06","guid":{"rendered":"https:\/\/flysurfer.com\/?page_id=63097"},"modified":"2025-01-16T11:26:06","modified_gmt":"2025-01-16T10:26:06","slug":"hall-of-fame-2024","status":"publish","type":"page","link":"https:\/\/beta.flysurfer.com\/de\/hall-of-fame-2024\/","title":{"rendered":"Hall of Fame 2024"},"content":{"rendered":"<p>[et_pb_section fb_built=&#8220;1&#8243; _builder_version=&#8220;4.7.4&#8243; _module_preset=&#8220;default&#8220;][et_pb_row disabled_on=&#8220;on|off|off&#8220; _builder_version=&#8220;4.7.4&#8243; _module_preset=&#8220;default&#8220; width=&#8220;40%&#8220;][et_pb_column type=&#8220;4_4&#8243; _builder_version=&#8220;4.7.4&#8243; _module_preset=&#8220;default&#8220;][et_pb_text admin_label=&#8220;Text &#8211; desktop&#8220; _builder_version=&#8220;4.7.4&#8243; _module_preset=&#8220;default&#8220;]<\/p>\n<h1 style=\"text-align: center;\">FLYSURFER Hall of Fame 2024<\/h1>\n<p>[\/et_pb_text][et_pb_text admin_label=&#8220;Text &#8211; desktop&#8220; _builder_version=&#8220;4.7.4&#8243; _module_preset=&#8220;default&#8220; text_orientation=&#8220;justified&#8220;]<\/p>\n<p style=\"text-align: center;\"><span data-teams=\"true\">\u201eIch bin \u00fcberw\u00e4ltigt von Stolz und Dankbarkeit f\u00fcr jede Person, die zu unserer Erfolgsgeschichte beigetragen hat. Es ist schwer zu begreifen, was wir erreicht haben. All das w\u00e4re nicht m\u00f6glich gewesen ohne die Leidenschaft, Opferbereitschaft, Hingabe und die Liebe zu diesem Sport. Vor allem haben wir an das geglaubt, was wir tun, und sind unseren Tr\u00e4umen treu geblieben \u2013 Tr\u00e4ume, die nach zehn Jahren harter Arbeit Wirklichkeit geworden sind. <\/span><\/p>\n<p style=\"text-align: center;\"><span data-teams=\"true\">Es ist Zeit, zu feiern und auf ein wirklich historisches Jahr zur\u00fcckzublicken.\u201c<\/span><\/p>\n<p style=\"text-align: center;\"><strong>Christoph Hesina \u2013 Brand Manager FLYSURFER<\/strong><\/p>\n<p>[\/et_pb_text][\/et_pb_column][\/et_pb_row][et_pb_row column_structure=&#8220;1_5,3_5,1_5&#8243; disabled_on=&#8220;on|off|off&#8220; _builder_version=&#8220;4.7.4&#8243; _module_preset=&#8220;default&#8220; width=&#8220;100%&#8220;][et_pb_column type=&#8220;1_5&#8243; _builder_version=&#8220;4.7.4&#8243; _module_preset=&#8220;default&#8220;][\/et_pb_column][et_pb_column type=&#8220;3_5&#8243; _builder_version=&#8220;4.7.4&#8243; _module_preset=&#8220;default&#8220;][et_pb_divider _builder_version=&#8220;4.7.4&#8243; _module_preset=&#8220;default&#8220;][\/et_pb_divider][\/et_pb_column][et_pb_column type=&#8220;1_5&#8243; _builder_version=&#8220;4.7.4&#8243; _module_preset=&#8220;default&#8220;][\/et_pb_column][\/et_pb_row][et_pb_row disabled_on=&#8220;off|on|on&#8220; _builder_version=&#8220;4.7.4&#8243; _module_preset=&#8220;default&#8220; width_tablet=&#8220;&#8220; width_phone=&#8220;85%&#8220; width_last_edited=&#8220;on|phone&#8220;][et_pb_column type=&#8220;4_4&#8243; _builder_version=&#8220;4.7.4&#8243; _module_preset=&#8220;default&#8220;][et_pb_text admin_label=&#8220;Text &#8211; desktop&#8220; _builder_version=&#8220;4.7.4&#8243; _module_preset=&#8220;default&#8220; header_2_font_size=&#8220;25px&#8220; header_2_font_size_tablet=&#8220;&#8220; header_2_font_size_phone=&#8220;&#8220; header_2_font_size_last_edited=&#8220;on|desktop&#8220;]<\/p>\n<h2 style=\"text-align: center;\">FLYSURFER Hall of Fame 2024<\/h2>\n<p>[\/et_pb_text][et_pb_text admin_label=&#8220;Text &#8211; mobile&#8220; _builder_version=&#8220;4.7.4&#8243; _module_preset=&#8220;default&#8220; text_orientation=&#8220;center&#8220;]\u201eIch bin \u00fcberw\u00e4ltigt von Stolz und Dankbarkeit gegen\u00fcber jeder Person, die zu unserer Erfolgsgeschichte beigetragen hat. Es ist schwer, das Ausma\u00df dessen, was wir erreicht haben, vollst\u00e4ndig zu begreifen. All das w\u00e4re ohne die Leidenschaft, die Opfer, die Hingabe und die Liebe zu diesem Sport nicht m\u00f6glich gewesen. Vor allem aber haben wir an das geglaubt, was wir tun, und sind unseren Tr\u00e4umen treu geblieben \u2013 Tr\u00e4ume, die nach zehn Jahren unerm\u00fcdlicher harter Arbeit Wirklichkeit geworden sind.<\/p>\n<p>Es ist an der Zeit, zu feiern und auf ein wahrhaft historisches Jahr zur\u00fcckzublicken.\u201c<\/p>\n<p><strong>Christoph Hesina \u2013 Brand Manager FLYSURFER<\/strong><br \/>\n[\/et_pb_text][\/et_pb_column][\/et_pb_row][et_pb_row _builder_version=&#8220;4.7.4&#8243; _module_preset=&#8220;default&#8220; width=&#8220;100%&#8220; max_width=&#8220;1200px&#8220;][et_pb_column type=&#8220;4_4&#8243; _builder_version=&#8220;4.7.4&#8243; _module_preset=&#8220;default&#8220;][et_pb_code _builder_version=&#8220;4.7.4&#8243; _module_preset=&#8220;default&#8220;]<\/p>\n<div style=\"position:relative;padding-top:max(60%,326px);height:0;width:100%\"><iframe allow=\"clipboard-write\" sandbox=\"allow-top-navigation allow-top-navigation-by-user-activation allow-downloads allow-scripts allow-same-origin allow-popups allow-modals allow-popups-to-escape-sandbox allow-forms\" allowfullscreen=\"true\" style=\"position:absolute;border:none;width:100%;height:100%;left:0;right:0;top:0;bottom:0;\" src=\"https:\/\/e.issuu.com\/embed.html?backgroundColor=%23253746&#038;d=flysurfer-hall_of_fame_2024-de&#038;hideIssuuLogo=true&#038;hideShareButton=true&#038;pageLayout=singlePage&#038;u=skywalkbrands\"><\/iframe><\/div>\n<p><!-- [et_pb_line_break_holder] -->[\/et_pb_code][\/et_pb_column][\/et_pb_row][\/et_pb_section]<\/p>\n","protected":false},"excerpt":{"rendered":"<p>[et_pb_section fb_built=&#8220;1&#8243; _builder_version=&#8220;4.7.4&#8243; _module_preset=&#8220;default&#8220;][et_pb_row disabled_on=&#8220;on|off|off&#8220; _builder_version=&#8220;4.7.4&#8243; _module_preset=&#8220;default&#8220; width=&#8220;40%&#8220;][et_pb_column type=&#8220;4_4&#8243; _builder_version=&#8220;4.7.4&#8243; _module_preset=&#8220;default&#8220;][et_pb_text admin_label=&#8220;Text &#8211; desktop&#8220; _builder_version=&#8220;4.7.4&#8243; _module_preset=&#8220;default&#8220;] FLYSURFER Hall of Fame 2024 [\/et_pb_text][et_pb_text admin_label=&#8220;Text &#8211; desktop&#8220; _builder_version=&#8220;4.7.4&#8243; _module_preset=&#8220;default&#8220; text_orientation=&#8220;justified&#8220;] \u201eIch bin \u00fcberw\u00e4ltigt von Stolz und Dankbarkeit f\u00fcr jede Person, die zu unserer Erfolgsgeschichte beigetragen hat. Es ist schwer zu begreifen, was wir erreicht haben. All das [&hellip;]<\/p>\n","protected":false},"author":218,"featured_media":0,"parent":0,"menu_order":0,"comment_status":"closed","ping_status":"closed","template":"","meta":{"_et_pb_use_builder":"on","_et_pb_old_content":"","_et_gb_content_width":"","footnotes":""},"class_list":["post-63097","page","type-page","status-publish","hentry"],"yoast_head":"<!-- This site is optimized with the Yoast SEO plugin v26.5 - https:\/\/yoast.com\/wordpress\/plugins\/seo\/ -->\n<title>Hall of Fame 2024 - FLYSURFER<\/title>\n<meta name=\"robots\" content=\"index, follow, max-snippet:-1, max-image-preview:large, max-video-preview:-1\" \/>\n<link rel=\"canonical\" href=\"https:\/\/beta.flysurfer.com\/hall-of-fame-2024\/\" \/>\n<meta property=\"og:locale\" content=\"de_DE\" \/>\n<meta property=\"og:type\" content=\"article\" \/>\n<meta property=\"og:title\" content=\"Hall of Fame 2024 - FLYSURFER\" \/>\n<meta property=\"og:description\" content=\"[et_pb_section fb_built=&#8220;1&#8243; _builder_version=&#8220;4.7.4&#8243; _module_preset=&#8220;default&#8220;][et_pb_row disabled_on=&#8220;on|off|off&#8220; _builder_version=&#8220;4.7.4&#8243; _module_preset=&#8220;default&#8220; width=&#8220;40%&#8220;][et_pb_column type=&#8220;4_4&#8243; _builder_version=&#8220;4.7.4&#8243; _module_preset=&#8220;default&#8220;][et_pb_text admin_label=&#8220;Text &#8211; desktop&#8220; _builder_version=&#8220;4.7.4&#8243; _module_preset=&#8220;default&#8220;] FLYSURFER Hall of Fame 2024 [\/et_pb_text][et_pb_text admin_label=&#8220;Text &#8211; desktop&#8220; _builder_version=&#8220;4.7.4&#8243; _module_preset=&#8220;default&#8220; text_orientation=&#8220;justified&#8220;] \u201eIch bin \u00fcberw\u00e4ltigt von Stolz und Dankbarkeit f\u00fcr jede Person, die zu unserer Erfolgsgeschichte beigetragen hat. Es ist schwer zu begreifen, was wir erreicht haben. All das [&hellip;]\" \/>\n<meta property=\"og:url\" content=\"https:\/\/beta.flysurfer.com\/hall-of-fame-2024\/\" \/>\n<meta property=\"og:site_name\" content=\"FLYSURFER\" \/>\n<meta property=\"article:modified_time\" content=\"2025-01-16T10:26:06+00:00\" \/>\n<meta name=\"twitter:card\" content=\"summary_large_image\" \/>\n<meta name=\"twitter:label1\" content=\"Gesch\u00e4tzte Lesezeit\" \/>\n\t<meta name=\"twitter:data1\" content=\"2\u00a0Minuten\" \/>\n<script type=\"application\/ld+json\" class=\"yoast-schema-graph\">{\"@context\":\"https:\/\/schema.org\",\"@graph\":[{\"@type\":\"WebPage\",\"@id\":\"https:\/\/beta.flysurfer.com\/hall-of-fame-2024\/\",\"url\":\"https:\/\/beta.flysurfer.com\/hall-of-fame-2024\/\",\"name\":\"Hall of Fame 2024 - FLYSURFER\",\"isPartOf\":{\"@id\":\"https:\/\/flysurfer.com\/de\/#website\"},\"datePublished\":\"2025-01-15T14:38:06+00:00\",\"dateModified\":\"2025-01-16T10:26:06+00:00\",\"breadcrumb\":{\"@id\":\"https:\/\/beta.flysurfer.com\/hall-of-fame-2024\/#breadcrumb\"},\"inLanguage\":\"de\",\"potentialAction\":[{\"@type\":\"ReadAction\",\"target\":[\"https:\/\/beta.flysurfer.com\/hall-of-fame-2024\/\"]}]},{\"@type\":\"BreadcrumbList\",\"@id\":\"https:\/\/beta.flysurfer.com\/hall-of-fame-2024\/#breadcrumb\",\"itemListElement\":[{\"@type\":\"ListItem\",\"position\":1,\"name\":\"Home\",\"item\":\"https:\/\/beta.flysurfer.com\/de\/\"},{\"@type\":\"ListItem\",\"position\":2,\"name\":\"Hall of Fame 2024\"}]},{\"@type\":\"WebSite\",\"@id\":\"https:\/\/flysurfer.com\/de\/#website\",\"url\":\"https:\/\/flysurfer.com\/de\/\",\"name\":\"FLYSURFER\",\"description\":\"ahead of its time\",\"potentialAction\":[{\"@type\":\"SearchAction\",\"target\":{\"@type\":\"EntryPoint\",\"urlTemplate\":\"https:\/\/flysurfer.com\/de\/?s={search_term_string}\"},\"query-input\":{\"@type\":\"PropertyValueSpecification\",\"valueRequired\":true,\"valueName\":\"search_term_string\"}}],\"inLanguage\":\"de\"}]}<\/script>\n<!-- \/ Yoast SEO plugin. -->","yoast_head_json":{"title":"Hall of Fame 2024 - FLYSURFER","robots":{"index":"index","follow":"follow","max-snippet":"max-snippet:-1","max-image-preview":"max-image-preview:large","max-video-preview":"max-video-preview:-1"},"canonical":"https:\/\/beta.flysurfer.com\/hall-of-fame-2024\/","og_locale":"de_DE","og_type":"article","og_title":"Hall of Fame 2024 - FLYSURFER","og_description":"[et_pb_section fb_built=&#8220;1&#8243; _builder_version=&#8220;4.7.4&#8243; _module_preset=&#8220;default&#8220;][et_pb_row disabled_on=&#8220;on|off|off&#8220; _builder_version=&#8220;4.7.4&#8243; _module_preset=&#8220;default&#8220; width=&#8220;40%&#8220;][et_pb_column type=&#8220;4_4&#8243; _builder_version=&#8220;4.7.4&#8243; _module_preset=&#8220;default&#8220;][et_pb_text admin_label=&#8220;Text &#8211; desktop&#8220; _builder_version=&#8220;4.7.4&#8243; _module_preset=&#8220;default&#8220;] FLYSURFER Hall of Fame 2024 [\/et_pb_text][et_pb_text admin_label=&#8220;Text &#8211; desktop&#8220; _builder_version=&#8220;4.7.4&#8243; _module_preset=&#8220;default&#8220; text_orientation=&#8220;justified&#8220;] \u201eIch bin \u00fcberw\u00e4ltigt von Stolz und Dankbarkeit f\u00fcr jede Person, die zu unserer Erfolgsgeschichte beigetragen hat. Es ist schwer zu begreifen, was wir erreicht haben. All das [&hellip;]","og_url":"https:\/\/beta.flysurfer.com\/hall-of-fame-2024\/","og_site_name":"FLYSURFER","article_modified_time":"2025-01-16T10:26:06+00:00","twitter_card":"summary_large_image","twitter_misc":{"Gesch\u00e4tzte Lesezeit":"2\u00a0Minuten"},"schema":{"@context":"https:\/\/schema.org","@graph":[{"@type":"WebPage","@id":"https:\/\/beta.flysurfer.com\/hall-of-fame-2024\/","url":"https:\/\/beta.flysurfer.com\/hall-of-fame-2024\/","name":"Hall of Fame 2024 - FLYSURFER","isPartOf":{"@id":"https:\/\/flysurfer.com\/de\/#website"},"datePublished":"2025-01-15T14:38:06+00:00","dateModified":"2025-01-16T10:26:06+00:00","breadcrumb":{"@id":"https:\/\/beta.flysurfer.com\/hall-of-fame-2024\/#breadcrumb"},"inLanguage":"de","potentialAction":[{"@type":"ReadAction","target":["https:\/\/beta.flysurfer.com\/hall-of-fame-2024\/"]}]},{"@type":"BreadcrumbList","@id":"https:\/\/beta.flysurfer.com\/hall-of-fame-2024\/#breadcrumb","itemListElement":[{"@type":"ListItem","position":1,"name":"Home","item":"https:\/\/beta.flysurfer.com\/de\/"},{"@type":"ListItem","position":2,"name":"Hall of Fame 2024"}]},{"@type":"WebSite","@id":"https:\/\/flysurfer.com\/de\/#website","url":"https:\/\/flysurfer.com\/de\/","name":"FLYSURFER","description":"ahead of its time","potentialAction":[{"@type":"SearchAction","target":{"@type":"EntryPoint","urlTemplate":"https:\/\/flysurfer.com\/de\/?s={search_term_string}"},"query-input":{"@type":"PropertyValueSpecification","valueRequired":true,"valueName":"search_term_string"}}],"inLanguage":"de"}]}},"_links":{"self":[{"href":"https:\/\/beta.flysurfer.com\/de\/wp-json\/wp\/v2\/pages\/63097","targetHints":{"allow":["GET"]}}],"collection":[{"href":"https:\/\/beta.flysurfer.com\/de\/wp-json\/wp\/v2\/pages"}],"about":[{"href":"https:\/\/beta.flysurfer.com\/de\/wp-json\/wp\/v2\/types\/page"}],"author":[{"embeddable":true,"href":"https:\/\/beta.flysurfer.com\/de\/wp-json\/wp\/v2\/users\/218"}],"replies":[{"embeddable":true,"href":"https:\/\/beta.flysurfer.com\/de\/wp-json\/wp\/v2\/comments?post=63097"}],"version-history":[{"count":49,"href":"https:\/\/beta.flysurfer.com\/de\/wp-json\/wp\/v2\/pages\/63097\/revisions"}],"predecessor-version":[{"id":63217,"href":"https:\/\/beta.flysurfer.com\/de\/wp-json\/wp\/v2\/pages\/63097\/revisions\/63217"}],"wp:attachment":[{"href":"https:\/\/beta.flysurfer.com\/de\/wp-json\/wp\/v2\/media?parent=63097"}],"curies":[{"name":"wp","href":"https:\/\/api.w.org\/{rel}","templated":true}]}}