{"id":294,"date":"2015-04-28T10:22:49","date_gmt":"2015-04-28T10:22:49","guid":{"rendered":"\/?page_id=294"},"modified":"2024-04-11T20:06:12","modified_gmt":"2024-04-11T18:06:12","slug":"impressum","status":"publish","type":"page","link":"https:\/\/beta.flysurfer.com\/de\/impressum\/","title":{"rendered":"Impressum"},"content":{"rendered":"<p>[et_pb_section fb_built=&#8220;1&#8243; inner_shadow=&#8220;on&#8220; fullwidth=&#8220;on&#8220; admin_label=&#8220;section&#8220; _builder_version=&#8220;3.22&#8243; background_color=&#8220;#ffffff&#8220; transparent_background=&#8220;off&#8220;][et_pb_fullwidth_map address=&#8220;Marquartstein, Deutschland&#8220; zoom_level=&#8220;7&#8243; address_lat=&#8220;47.7614275&#8243; address_lng=&#8220;12.460403600000063&#8243; admin_label=&#8220;Vollbreite Karte&#8220; _builder_version=&#8220;3.0.91&#8243;][et_pb_map_pin title=&#8220;Skywalk GmbH &#038; Co. KG&#8220; pin_address=&#8220;Hochlerchstra\u00dfe 14, 83250 Marquartstein, Deutschland&#8220; pin_address_lat=&#8220;47.76314395842195&#8243; pin_address_lng=&#8220;12.464786329530398&#8243; _builder_version=&#8220;3.0.47&#8243;][\/et_pb_map_pin][\/et_pb_fullwidth_map][\/et_pb_section][et_pb_section fb_built=&#8220;1&#8243; admin_label=&#8220;section&#8220; _builder_version=&#8220;3.22&#8243;][et_pb_row _builder_version=&#8220;3.25&#8243; background_size=&#8220;initial&#8220; background_position=&#8220;top_left&#8220; background_repeat=&#8220;repeat&#8220;][et_pb_column type=&#8220;4_4&#8243; _builder_version=&#8220;3.25&#8243; custom_padding=&#8220;|||&#8220; custom_padding__hover=&#8220;|||&#8220;][et_pb_text _builder_version=&#8220;4.7.4&#8243; background_size=&#8220;initial&#8220; background_position=&#8220;top_left&#8220; background_repeat=&#8220;repeat&#8220; hover_enabled=&#8220;0&#8243; use_border_color=&#8220;off&#8220; border_color=&#8220;#ffffff&#8220; border_style=&#8220;solid&#8220; sticky_enabled=&#8220;0&#8243;]<\/p>\n<h1>IMPRESSUM<\/h1>\n<p>[\/et_pb_text][et_pb_text _builder_version=&#8220;4.7.4&#8243; background_size=&#8220;initial&#8220; background_position=&#8220;top_left&#8220; background_repeat=&#8220;repeat&#8220; hover_enabled=&#8220;0&#8243; use_border_color=&#8220;off&#8220; border_color=&#8220;#ffffff&#8220; border_style=&#8220;solid&#8220; sticky_enabled=&#8220;0&#8243;]<\/p>\n<p><strong>FLYSURFER Kiteboarding<\/strong><br \/>Brand of Skywalk GmbH &amp; Co. KG<br \/>Windeckstr. 4<br \/>83250 Marquartstein<br \/>DEUTSCHLAND<\/p>\n<p><strong>Phone<\/strong> +49 (0) 8641\/69 48 0<br \/><strong>E-Mail<\/strong> <a href=\"mailto:info@beta.flysurfer.com\" target=\"_blank\" rel=\"noopener noreferrer\">info@beta.flysurfer.com<\/a><\/p>\n<p>Pers\u00f6nlich haftende Gesellschafterin: Skywalk Verwaltungs GmbH**<br \/>Vertretungsberechtigte Gesch\u00e4ftsf\u00fchrer: Arne Wehrlin, Erik Birndt<\/p>\n<p>Registergericht: Amtsgericht Traunstein<br \/>Registernummer: HRA 7710<br \/>Umsatzsteuer-Identifikationsnummer gem\u00e4\u00df \u00a7 27 a Umsatzsteuergesetz: DE 813305030<br \/>Inhaltlich Verantwortlicher gem\u00e4\u00df \u00a7 6 MDStV: Arne Wehrlin<\/p>\n<p>\u201eDie Europ\u00e4ische Kommission hat eine Plattform zur Online-Streitbeilegung eingerichtet. Diese erreichen Sie unter: <a href=\"https:\/\/ec.europa.eu\/consumers\/odr\">https:\/\/ec.europa.eu\/consumers\/odr<\/a>. Verbraucher k\u00f6nnen die Plattform f\u00fcr die Beilegung ihrer Streitigkeiten nutzen.<\/p>\n<p>Verbraucherstreitbeilegung nach \u00a7 36 VSBG: Wir sind zur Teilnahme an einem Streitbeilegungsverfahren vor einer Verbraucherschlichtungsstelle weder bereit noch verpflichtet. Wir sind es gewohnt, im ohnehin unwahrscheinlichen Fall unterschiedlicher Auffassungen, ohne Umwege auf der bew\u00e4hrten Vertrauensbasis zu einem Konsens zu kommen.<\/p>\n<p><strong>Haftungshinweis:<\/strong> Trotz sorgf\u00e4ltiger inhaltlicher Kontrolle \u00fcbernehmen wir keine Haftung f\u00fcr die Inhalte externer Links. F\u00fcr den Inhalt der verlinkten Seiten sind ausschlie\u00dflich deren Betreiber verantwortlich<\/p>\n<p>[\/et_pb_text][et_pb_divider disabled_on=&#8220;on|on|on&#8220; _builder_version=&#8220;4.7.4&#8243; disabled=&#8220;on&#8220;][\/et_pb_divider][et_pb_text disabled_on=&#8220;on|on|on&#8220; _builder_version=&#8220;4.7.4&#8243; background_size=&#8220;initial&#8220; background_position=&#8220;top_left&#8220; background_repeat=&#8220;repeat&#8220; use_border_color=&#8220;off&#8220; border_color=&#8220;#ffffff&#8220; border_style=&#8220;solid&#8220; disabled=&#8220;on&#8220;]<\/p>\n<h1>Qualit\u00e4tspolitik<\/h1>\n<p>[\/et_pb_text][et_pb_text disabled_on=&#8220;on|on|on&#8220; _builder_version=&#8220;4.7.4&#8243; background_size=&#8220;initial&#8220; background_position=&#8220;top_left&#8220; background_repeat=&#8220;repeat&#8220; use_border_color=&#8220;off&#8220; border_color=&#8220;#ffffff&#8220; border_style=&#8220;solid&#8220; disabled=&#8220;on&#8220;]Die Gesch\u00e4ftsf\u00fchrung der Firma Skywalk GmbH &amp; Co KG hat zur Erreichung des Unternehmensziels &#8211; der langfristigen Sicherung und Ausbau seiner Marktstellung, Erhaltung der Arbeitspl\u00e4tze, Sicherung und Ausbau der Ertr\u00e4ge folgende Qualit\u00e4tspolitik beschlossen:<\/p>\n<ul>\n<li><strong>Produkte<\/strong>: Unsere Dienstleistungen verk\u00f6rpern Zuverl\u00e4ssigkeit und Funktionalit\u00e4t. Die Produktentwicklung liegt in der Verantwortung unseres Unternehmens.<\/li>\n<li><strong>Qualit\u00e4t:<\/strong>Kundenzufriedenheit ist das oberste Ziel unserer Qualit\u00e4tspolitik. Dies zeigt sich in der Kompetenz unserer Leistungen, der Termintreue, sowie der Flexibilit\u00e4t, mit der wir die W\u00fcnsche unserer Kunden realisieren.<\/li>\n<li><strong>Kunden:<\/strong> Durch kompetente Kundenberatung unterst\u00fctzt unser Unternehmen den Kunden bei der Konzipierung und Planung von fertigungstechnischen Abl\u00e4ufen. Somit sind wir in der Lage die Auftragsabwicklung kundenorientiert durchzuf\u00fchren.<\/li>\n<li><strong>Mitarbeiter:<\/strong> Jeder Mitarbeiter ist f\u00fcr die Qualit\u00e4t seiner Arbeitsergebnisse verantwortlich. Durch die hohe Motivation und Qualifikation unserer Mitarbeiter schaffen wir die Basis f\u00fcr kundennahes und qualit\u00e4tsbewusstes Arbeiten. Die Gesch\u00e4ftsf\u00fchrung f\u00f6rdert daher die Aus- und Weiterbildung der Mitarbeiter.<\/li>\n<li><strong>St\u00e4ndige Verbesserung\/Fehlervorbeugung:<\/strong> Wir wollen die Qualit\u00e4t unserer Produkte nicht durch Fehlerbeseitigung, sondern durch fr\u00fchzeitige Fehlervermeidung sichern. Das Qualit\u00e4tsmanagementsystem dient uns als Hilfe zur st\u00e4ndigen Verbesserung unserer Abl\u00e4ufe und Prozesse und auch zur Reduzierung unserer Kosten.<\/li>\n<li><strong>Lieferanten:<\/strong> Wir arbeiten nur mit solchen Lieferanten zusammen, die bereit sind, unsere Zielsetzungen partnerschaftlich und vorbehaltlos zu unterst\u00fctzen und mitzutragen.<\/li>\n<li><strong>Umwelt:<\/strong> Durch zukunftsorientierte, qualit\u00e4tsf\u00f6rdernde und umweltschonende Investitionen wollen wir den steigenden Anforderungen unserer Kunden und des Marktes gerecht werden.<\/li>\n<li><strong>Gesetze:<\/strong> Wir verpflichten uns zur Einhaltung g\u00fcltiger Gesetzte und Verordnungen. Die Anforderungen bez\u00fcglich unserer Produkte und Dienstleistungen werden eigenverantwortlich ermittelt und erf\u00fcllt. Als notwendig Erkanntes wird aus eigenem Antrieb auch ohne gesetzliche Verpflichtung oder beh\u00f6rdliche Auflagen in Angriff genommen.<\/li>\n<\/ul>\n<p>[\/et_pb_text][\/et_pb_column][\/et_pb_row][\/et_pb_section]<\/p>\n","protected":false},"excerpt":{"rendered":"<p>[et_pb_section fb_built=&#8220;1&#8243; inner_shadow=&#8220;on&#8220; fullwidth=&#8220;on&#8220; admin_label=&#8220;section&#8220; _builder_version=&#8220;3.22&#8243; background_color=&#8220;#ffffff&#8220; transparent_background=&#8220;off&#8220;][et_pb_fullwidth_map address=&#8220;Marquartstein, Deutschland&#8220; zoom_level=&#8220;7&#8243; address_lat=&#8220;47.7614275&#8243; address_lng=&#8220;12.460403600000063&#8243; admin_label=&#8220;Vollbreite Karte&#8220; _builder_version=&#8220;3.0.91&#8243;][et_pb_map_pin title=&#8220;Skywalk GmbH &#038; Co. KG&#8220; pin_address=&#8220;Hochlerchstra\u00dfe 14, 83250 Marquartstein, Deutschland&#8220; pin_address_lat=&#8220;47.76314395842195&#8243; pin_address_lng=&#8220;12.464786329530398&#8243; _builder_version=&#8220;3.0.47&#8243;][\/et_pb_map_pin][\/et_pb_fullwidth_map][\/et_pb_section][et_pb_section fb_built=&#8220;1&#8243; admin_label=&#8220;section&#8220; _builder_version=&#8220;3.22&#8243;][et_pb_row _builder_version=&#8220;3.25&#8243; background_size=&#8220;initial&#8220; background_position=&#8220;top_left&#8220; background_repeat=&#8220;repeat&#8220;][et_pb_column type=&#8220;4_4&#8243; _builder_version=&#8220;3.25&#8243; custom_padding=&#8220;|||&#8220; custom_padding__hover=&#8220;|||&#8220;][et_pb_text _builder_version=&#8220;4.7.4&#8243; background_size=&#8220;initial&#8220; background_position=&#8220;top_left&#8220; background_repeat=&#8220;repeat&#8220; hover_enabled=&#8220;0&#8243; use_border_color=&#8220;off&#8220; border_color=&#8220;#ffffff&#8220; border_style=&#8220;solid&#8220; sticky_enabled=&#8220;0&#8243;] IMPRESSUM [\/et_pb_text][et_pb_text _builder_version=&#8220;4.7.4&#8243; background_size=&#8220;initial&#8220; background_position=&#8220;top_left&#8220; background_repeat=&#8220;repeat&#8220; [&hellip;]<\/p>\n","protected":false},"author":27,"featured_media":0,"parent":0,"menu_order":0,"comment_status":"open","ping_status":"open","template":"","meta":{"_et_pb_use_builder":"on","_et_pb_old_content":"","_et_gb_content_width":"","footnotes":""},"class_list":["post-294","page","type-page","status-publish","hentry"],"yoast_head":"<!-- This site is optimized with the Yoast SEO plugin v26.5 - https:\/\/yoast.com\/wordpress\/plugins\/seo\/ -->\n<title>Impressum - FLYSURFER<\/title>\n<meta name=\"description\" content=\"FLYSURFER Kiteboarding entwickelt, produziert und vertreibt seit 2001 innovative Kiteschirme und Kiteboards ... everyday is a kiteday!\" \/>\n<meta name=\"robots\" content=\"index, follow, max-snippet:-1, max-image-preview:large, max-video-preview:-1\" \/>\n<link rel=\"canonical\" href=\"https:\/\/beta.flysurfer.com\/legal-notice\/\" \/>\n<meta property=\"og:locale\" content=\"de_DE\" \/>\n<meta property=\"og:type\" content=\"article\" \/>\n<meta property=\"og:title\" content=\"Impressum - FLYSURFER\" \/>\n<meta property=\"og:description\" content=\"FLYSURFER Kiteboarding entwickelt, produziert und vertreibt seit 2001 innovative Kiteschirme und Kiteboards ... everyday is a kiteday!\" \/>\n<meta property=\"og:url\" content=\"https:\/\/beta.flysurfer.com\/legal-notice\/\" \/>\n<meta property=\"og:site_name\" content=\"FLYSURFER\" \/>\n<meta property=\"article:modified_time\" content=\"2024-04-11T18:06:12+00:00\" \/>\n<meta name=\"twitter:card\" content=\"summary_large_image\" \/>\n<meta name=\"twitter:label1\" content=\"Gesch\u00e4tzte Lesezeit\" \/>\n\t<meta name=\"twitter:data1\" content=\"4\u00a0Minuten\" \/>\n<script type=\"application\/ld+json\" class=\"yoast-schema-graph\">{\"@context\":\"https:\/\/schema.org\",\"@graph\":[{\"@type\":\"WebPage\",\"@id\":\"https:\/\/beta.flysurfer.com\/legal-notice\/\",\"url\":\"https:\/\/beta.flysurfer.com\/legal-notice\/\",\"name\":\"Impressum - FLYSURFER\",\"isPartOf\":{\"@id\":\"https:\/\/flysurfer.com\/de\/#website\"},\"datePublished\":\"2015-04-28T10:22:49+00:00\",\"dateModified\":\"2024-04-11T18:06:12+00:00\",\"description\":\"FLYSURFER Kiteboarding entwickelt, produziert und vertreibt seit 2001 innovative Kiteschirme und Kiteboards ... everyday is a kiteday!\",\"breadcrumb\":{\"@id\":\"https:\/\/beta.flysurfer.com\/legal-notice\/#breadcrumb\"},\"inLanguage\":\"de\",\"potentialAction\":[{\"@type\":\"ReadAction\",\"target\":[\"https:\/\/beta.flysurfer.com\/legal-notice\/\"]}]},{\"@type\":\"BreadcrumbList\",\"@id\":\"https:\/\/beta.flysurfer.com\/legal-notice\/#breadcrumb\",\"itemListElement\":[{\"@type\":\"ListItem\",\"position\":1,\"name\":\"Home\",\"item\":\"https:\/\/beta.flysurfer.com\/de\/\"},{\"@type\":\"ListItem\",\"position\":2,\"name\":\"Impressum\"}]},{\"@type\":\"WebSite\",\"@id\":\"https:\/\/flysurfer.com\/de\/#website\",\"url\":\"https:\/\/flysurfer.com\/de\/\",\"name\":\"FLYSURFER\",\"description\":\"ahead of its time\",\"potentialAction\":[{\"@type\":\"SearchAction\",\"target\":{\"@type\":\"EntryPoint\",\"urlTemplate\":\"https:\/\/flysurfer.com\/de\/?s={search_term_string}\"},\"query-input\":{\"@type\":\"PropertyValueSpecification\",\"valueRequired\":true,\"valueName\":\"search_term_string\"}}],\"inLanguage\":\"de\"}]}<\/script>\n<!-- \/ Yoast SEO plugin. -->","yoast_head_json":{"title":"Impressum - FLYSURFER","description":"FLYSURFER Kiteboarding entwickelt, produziert und vertreibt seit 2001 innovative Kiteschirme und Kiteboards ... everyday is a kiteday!","robots":{"index":"index","follow":"follow","max-snippet":"max-snippet:-1","max-image-preview":"max-image-preview:large","max-video-preview":"max-video-preview:-1"},"canonical":"https:\/\/beta.flysurfer.com\/legal-notice\/","og_locale":"de_DE","og_type":"article","og_title":"Impressum - FLYSURFER","og_description":"FLYSURFER Kiteboarding entwickelt, produziert und vertreibt seit 2001 innovative Kiteschirme und Kiteboards ... everyday is a kiteday!","og_url":"https:\/\/beta.flysurfer.com\/legal-notice\/","og_site_name":"FLYSURFER","article_modified_time":"2024-04-11T18:06:12+00:00","twitter_card":"summary_large_image","twitter_misc":{"Gesch\u00e4tzte Lesezeit":"4\u00a0Minuten"},"schema":{"@context":"https:\/\/schema.org","@graph":[{"@type":"WebPage","@id":"https:\/\/beta.flysurfer.com\/legal-notice\/","url":"https:\/\/beta.flysurfer.com\/legal-notice\/","name":"Impressum - FLYSURFER","isPartOf":{"@id":"https:\/\/flysurfer.com\/de\/#website"},"datePublished":"2015-04-28T10:22:49+00:00","dateModified":"2024-04-11T18:06:12+00:00","description":"FLYSURFER Kiteboarding entwickelt, produziert und vertreibt seit 2001 innovative Kiteschirme und Kiteboards ... everyday is a kiteday!","breadcrumb":{"@id":"https:\/\/beta.flysurfer.com\/legal-notice\/#breadcrumb"},"inLanguage":"de","potentialAction":[{"@type":"ReadAction","target":["https:\/\/beta.flysurfer.com\/legal-notice\/"]}]},{"@type":"BreadcrumbList","@id":"https:\/\/beta.flysurfer.com\/legal-notice\/#breadcrumb","itemListElement":[{"@type":"ListItem","position":1,"name":"Home","item":"https:\/\/beta.flysurfer.com\/de\/"},{"@type":"ListItem","position":2,"name":"Impressum"}]},{"@type":"WebSite","@id":"https:\/\/flysurfer.com\/de\/#website","url":"https:\/\/flysurfer.com\/de\/","name":"FLYSURFER","description":"ahead of its time","potentialAction":[{"@type":"SearchAction","target":{"@type":"EntryPoint","urlTemplate":"https:\/\/flysurfer.com\/de\/?s={search_term_string}"},"query-input":{"@type":"PropertyValueSpecification","valueRequired":true,"valueName":"search_term_string"}}],"inLanguage":"de"}]}},"_links":{"self":[{"href":"https:\/\/beta.flysurfer.com\/de\/wp-json\/wp\/v2\/pages\/294","targetHints":{"allow":["GET"]}}],"collection":[{"href":"https:\/\/beta.flysurfer.com\/de\/wp-json\/wp\/v2\/pages"}],"about":[{"href":"https:\/\/beta.flysurfer.com\/de\/wp-json\/wp\/v2\/types\/page"}],"author":[{"embeddable":true,"href":"https:\/\/beta.flysurfer.com\/de\/wp-json\/wp\/v2\/users\/27"}],"replies":[{"embeddable":true,"href":"https:\/\/beta.flysurfer.com\/de\/wp-json\/wp\/v2\/comments?post=294"}],"version-history":[{"count":11,"href":"https:\/\/beta.flysurfer.com\/de\/wp-json\/wp\/v2\/pages\/294\/revisions"}],"predecessor-version":[{"id":56735,"href":"https:\/\/beta.flysurfer.com\/de\/wp-json\/wp\/v2\/pages\/294\/revisions\/56735"}],"wp:attachment":[{"href":"https:\/\/beta.flysurfer.com\/de\/wp-json\/wp\/v2\/media?parent=294"}],"curies":[{"name":"wp","href":"https:\/\/api.w.org\/{rel}","templated":true}]}}