{"id":272,"date":"2015-04-28T13:15:04","date_gmt":"2015-04-28T13:15:04","guid":{"rendered":"\/?page_id=272"},"modified":"2024-04-12T13:20:52","modified_gmt":"2024-04-12T11:20:52","slug":"kontakt","status":"publish","type":"page","link":"https:\/\/beta.flysurfer.com\/de\/kontakt\/","title":{"rendered":"Kontakt"},"content":{"rendered":"<p>[et_pb_section fb_built=&#8220;1&#8243; fullwidth=&#8220;on&#8220; admin_label=&#8220;section&#8220; _builder_version=&#8220;3.22&#8243;][et_pb_fullwidth_map address=&#8220;Marquartstein, Deutschland&#8220; zoom_level=&#8220;5&#8243; address_lat=&#8220;47.90596547464185&#8243; address_lng=&#8220;11.802934712500019&#8243; _builder_version=&#8220;3.19.5&#8243; child_filter_saturate=&#8220;0%&#8220;][et_pb_map_pin title=&#8220;Flysurfer Headquarter&#8220; pin_address=&#8220;Windeckstr. 4, 83250 Marquartstein, Deutschland&#8220; pin_address_lat=&#8220;47.76316105776227&#8243; pin_address_lng=&#8220;12.464785880178852&#8243; _builder_version=&#8220;3.19.5&#8243;][\/et_pb_map_pin][\/et_pb_fullwidth_map][\/et_pb_section][et_pb_section fb_built=&#8220;1&#8243; admin_label=&#8220;section&#8220; _builder_version=&#8220;3.22&#8243;][et_pb_row column_structure=&#8220;2_3,1_3&#8243; admin_label=&#8220;row&#8220; _builder_version=&#8220;3.25&#8243; background_size=&#8220;initial&#8220; background_position=&#8220;top_left&#8220; background_repeat=&#8220;repeat&#8220;][et_pb_column type=&#8220;2_3&#8243; _builder_version=&#8220;3.25&#8243; custom_padding=&#8220;|||&#8220; custom_padding__hover=&#8220;|||&#8220;][et_pb_contact_form email=&#8220;info@beta.flysurfer.com&#8220; title=&#8220;Du hast Anregungen oder W\u00fcnsche? Dann schreib uns!&#8220; custom_message=&#8220;Name: %%Name%%||et_pb_line_break_holder|| ||et_pb_line_break_holder||Mailadresse: %%Email%%||et_pb_line_break_holder||||et_pb_line_break_holder||Betreff: %%Betreff%%||et_pb_line_break_holder|| ||et_pb_line_break_holder||Nachricht: %%Nachricht%% ||et_pb_line_break_holder||||et_pb_line_break_holder|| ***Sent from flysurfer contact form DE***&#8220; success_message=&#8220;Danke f\u00fcr deine Anfrage!&#8220; admin_label=&#8220;Kontakt Formular&#8220; _builder_version=&#8220;4.7.4&#8243; title_font=&#8220;|on|||&#8220; title_font_size=&#8220;18&#8243; border_radii=&#8220;on|0px|0px|0px|0px&#8220; use_border_color=&#8220;off&#8220;][et_pb_contact_field field_id=&#8220;Name&#8220; field_title=&#8220;Name&#8220; _builder_version=&#8220;4.7.4&#8243; form_field_font=&#8220;||||&#8220; border_style_all=&#8220;solid&#8220; use_border_color=&#8220;off&#8220; button_text_size__hover_enabled=&#8220;off&#8220; button_one_text_size__hover_enabled=&#8220;off&#8220; button_two_text_size__hover_enabled=&#8220;off&#8220; button_text_color__hover_enabled=&#8220;off&#8220; button_one_text_color__hover_enabled=&#8220;off&#8220; button_two_text_color__hover_enabled=&#8220;off&#8220; button_border_width__hover_enabled=&#8220;off&#8220; button_one_border_width__hover_enabled=&#8220;off&#8220; button_two_border_width__hover_enabled=&#8220;off&#8220; button_border_color__hover_enabled=&#8220;off&#8220; button_one_border_color__hover_enabled=&#8220;off&#8220; button_two_border_color__hover_enabled=&#8220;off&#8220; button_border_radius__hover_enabled=&#8220;off&#8220; button_one_border_radius__hover_enabled=&#8220;off&#8220; button_two_border_radius__hover_enabled=&#8220;off&#8220; button_letter_spacing__hover_enabled=&#8220;off&#8220; button_one_letter_spacing__hover_enabled=&#8220;off&#8220; button_two_letter_spacing__hover_enabled=&#8220;off&#8220; button_bg_color__hover_enabled=&#8220;off&#8220; button_one_bg_color__hover_enabled=&#8220;off&#8220; button_two_bg_color__hover_enabled=&#8220;off&#8220;][\/et_pb_contact_field][et_pb_contact_field field_id=&#8220;Email&#8220; field_title=&#8220;E-Mail-Adresse&#8220; field_type=&#8220;email&#8220; _builder_version=&#8220;4.7.4&#8243; form_field_font=&#8220;||||&#8220; use_border_color=&#8220;off&#8220; button_text_size__hover_enabled=&#8220;off&#8220; button_one_text_size__hover_enabled=&#8220;off&#8220; button_two_text_size__hover_enabled=&#8220;off&#8220; button_text_color__hover_enabled=&#8220;off&#8220; button_one_text_color__hover_enabled=&#8220;off&#8220; button_two_text_color__hover_enabled=&#8220;off&#8220; button_border_width__hover_enabled=&#8220;off&#8220; button_one_border_width__hover_enabled=&#8220;off&#8220; button_two_border_width__hover_enabled=&#8220;off&#8220; button_border_color__hover_enabled=&#8220;off&#8220; button_one_border_color__hover_enabled=&#8220;off&#8220; button_two_border_color__hover_enabled=&#8220;off&#8220; button_border_radius__hover_enabled=&#8220;off&#8220; button_one_border_radius__hover_enabled=&#8220;off&#8220; button_two_border_radius__hover_enabled=&#8220;off&#8220; button_letter_spacing__hover_enabled=&#8220;off&#8220; button_one_letter_spacing__hover_enabled=&#8220;off&#8220; button_two_letter_spacing__hover_enabled=&#8220;off&#8220; button_bg_color__hover_enabled=&#8220;off&#8220; button_one_bg_color__hover_enabled=&#8220;off&#8220; button_two_bg_color__hover_enabled=&#8220;off&#8220;][\/et_pb_contact_field][et_pb_contact_field field_id=&#8220;Betreff&#8220; field_title=&#8220;Betreff&#8220; fullwidth_field=&#8220;on&#8220; _builder_version=&#8220;4.7.4&#8243; form_field_font=&#8220;||||&#8220; border_style_all=&#8220;solid&#8220; use_border_color=&#8220;off&#8220; button_text_size__hover_enabled=&#8220;off&#8220; button_one_text_size__hover_enabled=&#8220;off&#8220; button_two_text_size__hover_enabled=&#8220;off&#8220; button_text_color__hover_enabled=&#8220;off&#8220; button_one_text_color__hover_enabled=&#8220;off&#8220; button_two_text_color__hover_enabled=&#8220;off&#8220; button_border_width__hover_enabled=&#8220;off&#8220; button_one_border_width__hover_enabled=&#8220;off&#8220; button_two_border_width__hover_enabled=&#8220;off&#8220; button_border_color__hover_enabled=&#8220;off&#8220; button_one_border_color__hover_enabled=&#8220;off&#8220; button_two_border_color__hover_enabled=&#8220;off&#8220; button_border_radius__hover_enabled=&#8220;off&#8220; button_one_border_radius__hover_enabled=&#8220;off&#8220; button_two_border_radius__hover_enabled=&#8220;off&#8220; button_letter_spacing__hover_enabled=&#8220;off&#8220; button_one_letter_spacing__hover_enabled=&#8220;off&#8220; button_two_letter_spacing__hover_enabled=&#8220;off&#8220; button_bg_color__hover_enabled=&#8220;off&#8220; button_one_bg_color__hover_enabled=&#8220;off&#8220; button_two_bg_color__hover_enabled=&#8220;off&#8220;][\/et_pb_contact_field][et_pb_contact_field field_id=&#8220;Nachricht&#8220; field_title=&#8220;Nachricht&#8220; field_type=&#8220;text&#8220; fullwidth_field=&#8220;on&#8220; _builder_version=&#8220;4.7.4&#8243; form_field_font=&#8220;||||&#8220; border_style_all=&#8220;solid&#8220; use_border_color=&#8220;off&#8220; button_text_size__hover_enabled=&#8220;off&#8220; button_one_text_size__hover_enabled=&#8220;off&#8220; button_two_text_size__hover_enabled=&#8220;off&#8220; button_text_color__hover_enabled=&#8220;off&#8220; button_one_text_color__hover_enabled=&#8220;off&#8220; button_two_text_color__hover_enabled=&#8220;off&#8220; button_border_width__hover_enabled=&#8220;off&#8220; button_one_border_width__hover_enabled=&#8220;off&#8220; button_two_border_width__hover_enabled=&#8220;off&#8220; button_border_color__hover_enabled=&#8220;off&#8220; button_one_border_color__hover_enabled=&#8220;off&#8220; button_two_border_color__hover_enabled=&#8220;off&#8220; button_border_radius__hover_enabled=&#8220;off&#8220; button_one_border_radius__hover_enabled=&#8220;off&#8220; button_two_border_radius__hover_enabled=&#8220;off&#8220; button_letter_spacing__hover_enabled=&#8220;off&#8220; button_one_letter_spacing__hover_enabled=&#8220;off&#8220; button_two_letter_spacing__hover_enabled=&#8220;off&#8220; button_bg_color__hover_enabled=&#8220;off&#8220; button_one_bg_color__hover_enabled=&#8220;off&#8220; button_two_bg_color__hover_enabled=&#8220;off&#8220;][\/et_pb_contact_field][\/et_pb_contact_form][\/et_pb_column][et_pb_column type=&#8220;1_3&#8243; _builder_version=&#8220;3.25&#8243; custom_padding=&#8220;|||&#8220; custom_padding__hover=&#8220;|||&#8220;][et_pb_text admin_label=&#8220;Customer Service&#8220; _builder_version=&#8220;4.7.4&#8243; background_size=&#8220;initial&#8220; background_position=&#8220;top_left&#8220; background_repeat=&#8220;repeat&#8220; hover_enabled=&#8220;0&#8243; use_border_color=&#8220;off&#8220; border_color=&#8220;#ffffff&#8220; border_style=&#8220;solid&#8220; sticky_enabled=&#8220;0&#8243;]<\/p>\n<h4>Technical Support<\/h4>\n<p>Du willst mit uns in Kontakt treten? Ruf uns f\u00fcr ein pers\u00f6nliches Gespr\u00e4ch einfach an oder lass uns eine Nachricht per Mail zukommen.<\/p>\n<p><strong>Phone<\/strong> +49 (0) 8641 6948 0<br \/><strong>E-Mail <\/strong><a href=\"mailto:info@beta.flysurfer.com\" target=\"_blank\" rel=\"noopener noreferrer\">info@beta.flysurfer.com<\/a><\/p>\n<p><span class=\"ui-provider dcx dcy c d e f g h i j k l m n o p q r s t dcz dda w x y z ab ac ae af ag ah ai aj ak\" dir=\"ltr\"><strong>Office M-T<\/strong> 8 a.m. &#8211; 5 p.m.,<br \/><strong>F<\/strong> 8 a.m. &#8211; 1.30 p.m. (CET)<\/span><\/p>\n<p>Skywalk GmbH &amp; Co. KG<br \/>Windeckstr. 4<br \/>83250 Marquartstein<br \/>DEUTSCHLAND<\/p>\n<p>[\/et_pb_text][\/et_pb_column][\/et_pb_row][\/et_pb_section]<\/p>\n","protected":false},"excerpt":{"rendered":"<p>[et_pb_section fb_built=&#8220;1&#8243; fullwidth=&#8220;on&#8220; admin_label=&#8220;section&#8220; _builder_version=&#8220;3.22&#8243;][et_pb_fullwidth_map address=&#8220;Marquartstein, Deutschland&#8220; zoom_level=&#8220;5&#8243; address_lat=&#8220;47.90596547464185&#8243; address_lng=&#8220;11.802934712500019&#8243; _builder_version=&#8220;3.19.5&#8243; child_filter_saturate=&#8220;0%&#8220;][et_pb_map_pin title=&#8220;Flysurfer Headquarter&#8220; pin_address=&#8220;Windeckstr. 4, 83250 Marquartstein, Deutschland&#8220; pin_address_lat=&#8220;47.76316105776227&#8243; pin_address_lng=&#8220;12.464785880178852&#8243; _builder_version=&#8220;3.19.5&#8243;][\/et_pb_map_pin][\/et_pb_fullwidth_map][\/et_pb_section][et_pb_section fb_built=&#8220;1&#8243; admin_label=&#8220;section&#8220; _builder_version=&#8220;3.22&#8243;][et_pb_row column_structure=&#8220;2_3,1_3&#8243; admin_label=&#8220;row&#8220; _builder_version=&#8220;3.25&#8243; background_size=&#8220;initial&#8220; background_position=&#8220;top_left&#8220; background_repeat=&#8220;repeat&#8220;][et_pb_column type=&#8220;2_3&#8243; _builder_version=&#8220;3.25&#8243; custom_padding=&#8220;|||&#8220; custom_padding__hover=&#8220;|||&#8220;][et_pb_contact_form email=&#8220;info@beta.flysurfer.com&#8220; title=&#8220;Du hast Anregungen oder W\u00fcnsche? Dann schreib uns!&#8220; custom_message=&#8220;Name: %%Name%%||et_pb_line_break_holder|| ||et_pb_line_break_holder||Mailadresse: %%Email%%||et_pb_line_break_holder||||et_pb_line_break_holder||Betreff: %%Betreff%%||et_pb_line_break_holder|| ||et_pb_line_break_holder||Nachricht: %%Nachricht%% ||et_pb_line_break_holder||||et_pb_line_break_holder|| ***Sent from flysurfer [&hellip;]<\/p>\n","protected":false},"author":27,"featured_media":0,"parent":0,"menu_order":0,"comment_status":"open","ping_status":"open","template":"","meta":{"_et_pb_use_builder":"on","_et_pb_old_content":"","_et_gb_content_width":"","footnotes":""},"class_list":["post-272","page","type-page","status-publish","hentry"],"yoast_head":"<!-- This site is optimized with the Yoast SEO plugin v26.5 - https:\/\/yoast.com\/wordpress\/plugins\/seo\/ -->\n<title>Kontakt - FLYSURFER<\/title>\n<meta name=\"description\" content=\"FLYSURFER Kiteboarding entwickelt, produziert und vertreibt seit 2001 innovative Kiteschirme und Kiteboards ... everyday is a kiteday!\" \/>\n<meta name=\"robots\" content=\"index, follow, max-snippet:-1, max-image-preview:large, max-video-preview:-1\" \/>\n<link rel=\"canonical\" href=\"https:\/\/beta.flysurfer.com\/contact\/\" \/>\n<meta property=\"og:locale\" content=\"de_DE\" \/>\n<meta property=\"og:type\" content=\"article\" \/>\n<meta property=\"og:title\" content=\"Kontakt - FLYSURFER\" \/>\n<meta property=\"og:description\" content=\"FLYSURFER Kiteboarding entwickelt, produziert und vertreibt seit 2001 innovative Kiteschirme und Kiteboards ... everyday is a kiteday!\" \/>\n<meta property=\"og:url\" content=\"https:\/\/beta.flysurfer.com\/contact\/\" \/>\n<meta property=\"og:site_name\" content=\"FLYSURFER\" \/>\n<meta property=\"article:modified_time\" content=\"2024-04-12T11:20:52+00:00\" \/>\n<meta name=\"twitter:card\" content=\"summary_large_image\" \/>\n<meta name=\"twitter:label1\" content=\"Gesch\u00e4tzte Lesezeit\" \/>\n\t<meta name=\"twitter:data1\" content=\"5\u00a0Minuten\" \/>\n<script type=\"application\/ld+json\" class=\"yoast-schema-graph\">{\"@context\":\"https:\/\/schema.org\",\"@graph\":[{\"@type\":\"WebPage\",\"@id\":\"https:\/\/beta.flysurfer.com\/contact\/\",\"url\":\"https:\/\/beta.flysurfer.com\/contact\/\",\"name\":\"Kontakt - FLYSURFER\",\"isPartOf\":{\"@id\":\"https:\/\/flysurfer.com\/de\/#website\"},\"datePublished\":\"2015-04-28T13:15:04+00:00\",\"dateModified\":\"2024-04-12T11:20:52+00:00\",\"description\":\"FLYSURFER Kiteboarding entwickelt, produziert und vertreibt seit 2001 innovative Kiteschirme und Kiteboards ... everyday is a kiteday!\",\"breadcrumb\":{\"@id\":\"https:\/\/beta.flysurfer.com\/contact\/#breadcrumb\"},\"inLanguage\":\"de\",\"potentialAction\":[{\"@type\":\"ReadAction\",\"target\":[\"https:\/\/beta.flysurfer.com\/contact\/\"]}]},{\"@type\":\"BreadcrumbList\",\"@id\":\"https:\/\/beta.flysurfer.com\/contact\/#breadcrumb\",\"itemListElement\":[{\"@type\":\"ListItem\",\"position\":1,\"name\":\"Home\",\"item\":\"https:\/\/beta.flysurfer.com\/de\/\"},{\"@type\":\"ListItem\",\"position\":2,\"name\":\"Kontakt\"}]},{\"@type\":\"WebSite\",\"@id\":\"https:\/\/flysurfer.com\/de\/#website\",\"url\":\"https:\/\/flysurfer.com\/de\/\",\"name\":\"FLYSURFER\",\"description\":\"ahead of its time\",\"potentialAction\":[{\"@type\":\"SearchAction\",\"target\":{\"@type\":\"EntryPoint\",\"urlTemplate\":\"https:\/\/flysurfer.com\/de\/?s={search_term_string}\"},\"query-input\":{\"@type\":\"PropertyValueSpecification\",\"valueRequired\":true,\"valueName\":\"search_term_string\"}}],\"inLanguage\":\"de\"}]}<\/script>\n<!-- \/ Yoast SEO plugin. -->","yoast_head_json":{"title":"Kontakt - FLYSURFER","description":"FLYSURFER Kiteboarding entwickelt, produziert und vertreibt seit 2001 innovative Kiteschirme und Kiteboards ... everyday is a kiteday!","robots":{"index":"index","follow":"follow","max-snippet":"max-snippet:-1","max-image-preview":"max-image-preview:large","max-video-preview":"max-video-preview:-1"},"canonical":"https:\/\/beta.flysurfer.com\/contact\/","og_locale":"de_DE","og_type":"article","og_title":"Kontakt - FLYSURFER","og_description":"FLYSURFER Kiteboarding entwickelt, produziert und vertreibt seit 2001 innovative Kiteschirme und Kiteboards ... everyday is a kiteday!","og_url":"https:\/\/beta.flysurfer.com\/contact\/","og_site_name":"FLYSURFER","article_modified_time":"2024-04-12T11:20:52+00:00","twitter_card":"summary_large_image","twitter_misc":{"Gesch\u00e4tzte Lesezeit":"5\u00a0Minuten"},"schema":{"@context":"https:\/\/schema.org","@graph":[{"@type":"WebPage","@id":"https:\/\/beta.flysurfer.com\/contact\/","url":"https:\/\/beta.flysurfer.com\/contact\/","name":"Kontakt - FLYSURFER","isPartOf":{"@id":"https:\/\/flysurfer.com\/de\/#website"},"datePublished":"2015-04-28T13:15:04+00:00","dateModified":"2024-04-12T11:20:52+00:00","description":"FLYSURFER Kiteboarding entwickelt, produziert und vertreibt seit 2001 innovative Kiteschirme und Kiteboards ... everyday is a kiteday!","breadcrumb":{"@id":"https:\/\/beta.flysurfer.com\/contact\/#breadcrumb"},"inLanguage":"de","potentialAction":[{"@type":"ReadAction","target":["https:\/\/beta.flysurfer.com\/contact\/"]}]},{"@type":"BreadcrumbList","@id":"https:\/\/beta.flysurfer.com\/contact\/#breadcrumb","itemListElement":[{"@type":"ListItem","position":1,"name":"Home","item":"https:\/\/beta.flysurfer.com\/de\/"},{"@type":"ListItem","position":2,"name":"Kontakt"}]},{"@type":"WebSite","@id":"https:\/\/flysurfer.com\/de\/#website","url":"https:\/\/flysurfer.com\/de\/","name":"FLYSURFER","description":"ahead of its time","potentialAction":[{"@type":"SearchAction","target":{"@type":"EntryPoint","urlTemplate":"https:\/\/flysurfer.com\/de\/?s={search_term_string}"},"query-input":{"@type":"PropertyValueSpecification","valueRequired":true,"valueName":"search_term_string"}}],"inLanguage":"de"}]}},"_links":{"self":[{"href":"https:\/\/beta.flysurfer.com\/de\/wp-json\/wp\/v2\/pages\/272","targetHints":{"allow":["GET"]}}],"collection":[{"href":"https:\/\/beta.flysurfer.com\/de\/wp-json\/wp\/v2\/pages"}],"about":[{"href":"https:\/\/beta.flysurfer.com\/de\/wp-json\/wp\/v2\/types\/page"}],"author":[{"embeddable":true,"href":"https:\/\/beta.flysurfer.com\/de\/wp-json\/wp\/v2\/users\/27"}],"replies":[{"embeddable":true,"href":"https:\/\/beta.flysurfer.com\/de\/wp-json\/wp\/v2\/comments?post=272"}],"version-history":[{"count":11,"href":"https:\/\/beta.flysurfer.com\/de\/wp-json\/wp\/v2\/pages\/272\/revisions"}],"predecessor-version":[{"id":61307,"href":"https:\/\/beta.flysurfer.com\/de\/wp-json\/wp\/v2\/pages\/272\/revisions\/61307"}],"wp:attachment":[{"href":"https:\/\/beta.flysurfer.com\/de\/wp-json\/wp\/v2\/media?parent=272"}],"curies":[{"name":"wp","href":"https:\/\/api.w.org\/{rel}","templated":true}]}}