{"id":23558,"date":"2019-04-11T17:35:03","date_gmt":"2019-04-11T15:35:03","guid":{"rendered":"https:\/\/flysurfer.com\/?page_id=23558"},"modified":"2024-12-12T12:35:50","modified_gmt":"2024-12-12T11:35:50","slug":"anmeldung-demo-events","status":"publish","type":"page","link":"https:\/\/beta.flysurfer.com\/de\/anmeldung-demo-events\/","title":{"rendered":"Anmeldung Demo-Events"},"content":{"rendered":"<p>[et_pb_section fb_built=&#8220;1&#8243; admin_label=&#8220;section&#8220; _builder_version=&#8220;3.22&#8243;][et_pb_row admin_label=&#8220;row&#8220; _builder_version=&#8220;3.25&#8243; background_size=&#8220;initial&#8220; background_position=&#8220;top_left&#8220; background_repeat=&#8220;repeat&#8220;][et_pb_column type=&#8220;4_4&#8243; _builder_version=&#8220;3.25&#8243; custom_padding=&#8220;|||&#8220; custom_padding__hover=&#8220;|||&#8220;][et_pb_button button_url=&#8220;https:\/\/beta.flysurfer.com\/de\/demo-tour\/&#8220; button_text=&#8220;DEMO TOUR \u00dcBERSICHT&#8220; button_alignment=&#8220;right&#8220; button_alignment_tablet=&#8220;right&#8220; button_alignment_phone=&#8220;center&#8220; button_alignment_last_edited=&#8220;on|desktop&#8220; admin_label=&#8220;Button&#8220; _builder_version=&#8220;4.7.4&#8243; _module_preset=&#8220;default&#8220; custom_button=&#8220;on&#8220; button_bg_color=&#8220;#dc4405&#8243; button_border_width=&#8220;0px&#8220; button_use_icon=&#8220;off&#8220; background_layout=&#8220;dark&#8220; custom_margin=&#8220;||2%||false|false&#8220; custom_padding=&#8220;||||false|false&#8220; hover_enabled=&#8220;0&#8243; locked=&#8220;off&#8220; button_bg_color__hover=&#8220;#c99872&#8243; button_bg_color__hover_enabled=&#8220;on&#8220; button_border_color__hover=&#8220;#c99872&#8243; button_border_color__hover_enabled=&#8220;on&#8220; button_border_radius__hover=&#8220;0px&#8220; button_border_radius__hover_enabled=&#8220;on&#8220; button_letter_spacing__hover_enabled=&#8220;off|hover&#8220; button_bg_enable_color=&#8220;on&#8220; sticky_enabled=&#8220;0&#8243;][\/et_pb_button][et_pb_text admin_label=&#8220;Titel&#8220; _builder_version=&#8220;4.7.4&#8243; header_font=&#8220;|800|||||||&#8220; module_alignment=&#8220;left&#8220; custom_margin=&#8220;40px||||false|false&#8220; border_style=&#8220;solid&#8220;]<\/p>\n<h1>ANMELDUNG DEMO TOUR<\/h1>\n<h4>Registriere dich vorab f\u00fcr einen schnellen Verleih-Prozess<\/h4>\n<p>[\/et_pb_text][et_pb_image src=&#8220;https:\/\/beta.flysurfer.com\/files\/2022\/11\/FS-Kampagne_Demo-Tour-Winter-2022-23.jpg&#8220; title_text=&#8220;FS-Kampagne_Demo-Tour-Winter-2022-23&#8243; align=&#8220;center&#8220; align_tablet=&#8220;center&#8220; align_phone=&#8220;&#8220; align_last_edited=&#8220;on|desktop&#8220; disabled_on=&#8220;on|on|on&#8220; _builder_version=&#8220;4.7.4&#8243; custom_margin=&#8220;||||false|false&#8220; custom_padding=&#8220;||40px||false|false&#8220; disabled=&#8220;on&#8220;][\/et_pb_image][et_pb_dcgd_gravity_divi_module gf_form=&#8220;1&#8243; show_title=&#8220;off&#8220; show_description=&#8220;off&#8220; enable_ajax=&#8220;on&#8220; _builder_version=&#8220;4.7.4&#8243; fontstitle_font=&#8220;|700||on|||||&#8220; fontsformdesc_font_size=&#8220;16&#8243; fontsformbody_font_size=&#8220;16&#8243; fontsformelements_font_size=&#8220;16&#8243; custom_button=&#8220;on&#8220; button_text_color=&#8220;#ffffff&#8220; button_bg_color=&#8220;#dc4405&#8243; button_border_width=&#8220;0&#8243; hover_enabled=&#8220;0&#8243; fontstitle_font_size_tablet=&#8220;51&#8243; fontstitle_font_size_last_edited=&#8220;off|desktop&#8220; fontstitle_line_height_tablet=&#8220;2&#8243; fontsformdesc_font_size_tablet=&#8220;24&#8243; fontsformdesc_font_size_phone=&#8220;16&#8243; fontsformdesc_font_size_last_edited=&#8220;on|phone&#8220; fontsformdesc_line_height_tablet=&#8220;2&#8243; fontsformbody_font_size_tablet=&#8220;24&#8243; fontsformbody_font_size_phone=&#8220;16&#8243; fontsformbody_font_size_last_edited=&#8220;on|phone&#8220; fontsformbody_line_height_tablet=&#8220;2&#8243; fontsformelements_font_size_tablet=&#8220;24&#8243; fontsformelements_font_size_phone=&#8220;16&#8243; fontsformelements_font_size_last_edited=&#8220;on|phone&#8220; fontsformelements_line_height_tablet=&#8220;2&#8243; fontsformelements_line_height_last_edited=&#8220;off|&#8220; button_bg_enable_color=&#8220;on&#8220; sticky_enabled=&#8220;0&#8243;][\/et_pb_dcgd_gravity_divi_module][et_pb_divider show_divider=&#8220;off&#8220; _builder_version=&#8220;3.19.5&#8243;][\/et_pb_divider][et_pb_text admin_label=&#8220;Haftungsausschluss &#8211; Text&#8220; _builder_version=&#8220;3.27.4&#8243; text_font=&#8220;||on||||||&#8220; text_font_size=&#8220;12px&#8220; text_orientation=&#8220;justified&#8220; custom_padding=&#8220;25px|30px|15px|30px&#8220; border_width_all=&#8220;2px&#8220; border_color_all=&#8220;#003f54&#8243;]<\/p>\n<h5>Haftungsausschluss<\/h5>\n<ul>\n<li>Der Entleiher erkl\u00e4rt hiermit, dass er im Umgang mit einem Kiteschirm ge\u00fcbt, sich der Gefahren dieses Sportes bewusst und in der Lage ist, einen Kiteschirm sicher zu beherrschen.<\/li>\n<li>Es ist dem Entleiher strikt untersagt, dritten Personen den Kiteschirm zur Benutzung zu \u00fcberlassen. Der Entleiher best\u00e4tigt, den Kite in einem mangelfreien Zustand \u00fcbernommen zu haben.<\/li>\n<li>Der Verleiher haftet nicht f\u00fcr Fehler oder M\u00e4ngel der \u00fcbrigen Kiteausr\u00fcstung des Entleihers. Das Tragen einer angemessenen Sicherheitsausr\u00fcstung (Helm, Protektoren, Prallwesten) wird empfohlen.<\/li>\n<li>Der Entleiher benutzt den Kiteschirm auf eigene Verantwortung und Risiko. Der Entleiher haftet gegen\u00fcber dem Verleiher f\u00fcr alle Sch\u00e4den am Kite, die durch eine unsachgem\u00e4\u00dfe Verwendung verursacht werden.<\/li>\n<li>Der Verleiher \u00fcbernimmt keinerlei Haftung f\u00fcr jedwede Folgen aus Unf\u00e4llen des Entleihers bei der Benutzung des Kiteschirms, es sei denn diese beruhen ganz oder teilweise auf mindestens grob fahrl\u00e4ssigem Verschulden des Verleihers oder der f\u00fcr diesen t\u00e4tigen Personen.<\/li>\n<li>Der Verleiher \u00fcbernimmt insbesondere keinerlei Haftung f\u00fcr Sachsch\u00e4den oder Personensch\u00e4den, die der Entleiher bei der Benutzung des Kiteschirms Dritten zuf\u00fcgt. Der Entleiher verpflichtet sich, den Verleiher insoweit von Haftungsanspr\u00fcchen Dritter freizustellen.<\/li>\n<\/ul>\n<p>[\/et_pb_text][et_pb_text admin_label=&#8220;Datenschutz &#8211; Text&#8220; _builder_version=&#8220;3.27.4&#8243; text_font=&#8220;||on||||||&#8220; text_font_size=&#8220;12px&#8220; text_orientation=&#8220;justified&#8220; custom_padding=&#8220;25px|30px|15px|30px&#8220; border_width_all=&#8220;2px&#8220; border_color_all=&#8220;#003f54&#8243;]<\/p>\n<h5><strong>Datenschutzhinweise nach Art. 13, 14 DSGVO f\u00fcr die FLYSURFER Demo Tour<\/strong><\/h5>\n<p>Mit Ihren Daten gehen wir sehr sorgf\u00e4ltig um. Wir ben\u00f6tigen Ihre Daten, um mit Ihnen einen Leihvertrag f\u00fcr eine unserer Demo Touren schlie\u00dfen zu k\u00f6nnen.<\/p>\n<p>Die Rechtsgrundlage f\u00fcr die Verarbeitung Ihrer personenbezogenen Daten ist hierbei Art.\u00a06\u00a0Abs.\u00a01\u00a0lit.\u00a0b) DSGVO. Ihre Daten werden von FLYSURFER der Firma Kite Elements zur Verf\u00fcgung gestellt, um Ihre Daten vor Ort schneller abgleichen zu k\u00f6nnen und den Verleih-Prozess erheblich zu beschleunigen. Die Rechtsgrundlage daf\u00fcr ist unser berechtigtes Interesse an der Verarbeitung aus Art.\u00a06\u00a0Abs.\u00a01 lit.\u00a0f)\u00a0DSGVO. Wir m\u00f6chten Ihnen ein unkompliziertes Erlebnis bei unserer Demo Tour erm\u00f6glichen und arbeiten deshalb mit Kite Elements zusammen, die Ihnen die Leihgegenst\u00e4nde vor Ort aush\u00e4ndigen werden. Das garantiert uns einen \u00fcberschaubaren Leih-Prozess und eine nachvollziehbare Abwicklung Ihres Leihvertrages mit uns.<\/p>\n<p>Wenn Sie sich vor Ort f\u00fcr eine Leihe entscheiden sollten, werden Ihren Daten von Kite Elements erstmalig \u00fcber dieses Formular aufgenommen und an uns, FLYSURFER, weitergeleitet und gespeichert.<\/p>\n<p>Die Rechtsgrundlage f\u00fcr die Aufnahme Ihrer Daten vor Ort ist ebenfalls Art.\u00a06\u00a0Abs.\u00a01\u00a0lit.\u00a0b) DSGVO. Wir nehmen Ihre Kontaktdaten auf, um mit Ihnen einen Vertrag abschlie\u00dfen und die Leihe abwickeln zu k\u00f6nnen.Dar\u00fcber hinaus werden Ihre Daten nicht an Dritte weitergegeben und auch nicht au\u00dferhalb der Europ\u00e4ischen Union gespeichert.<\/p>\n<p>Wir speichern Ihre Daten solange wie es f\u00fcr die Erf\u00fcllung unserer Verpflichtungen aus dem Leihvertrag notwendig ist und wir zur Aufbewahrung gesetzlich verpflichtet sind. Sind die Daten f\u00fcr die Erf\u00fcllung vertraglicher oder gesetzlicher Pflichten nicht mehr erforderlich, werden diese regelm\u00e4\u00dfig gel\u00f6scht.<\/p>\n<p>Ausnahmen zu den oben genannten L\u00f6schkriterien ergeben sich f\u00fcr Daten,<\/p>\n<ul>\n<li>die f\u00fcr die Erf\u00fcllung gesetzlicher Aufbewahrungspflichten, z.B. Handelsgesetzbuch (HGB) und Abgabenordnung (AO), erforderlich sind. Die dort vorgegebenen Fristen zur Aufbewahrung bzw. Dokumentation betragen in der Regel sechs bis zehn Jahre.<\/li>\n<li>zur Erhaltung von Beweismitteln im Rahmen der gesetzlichen Verj\u00e4hrungsvorschriften. Nach den \u00a7\u00a7 195 ff. des B\u00fcrgerlichen Gesetzbuches (BGB) k\u00f6nnen diese Verj\u00e4hrungsfristen bis zu 30 Jahre betragen, wobei die regelm\u00e4\u00dfige Verj\u00e4hrungsfrist drei Jahre betr\u00e4gt.<\/li>\n<\/ul>\n<p>Sofern die Datenverarbeitung im berechtigten Interesse von uns oder einem Dritten erfolgt, werden die personenbezogenen Daten gel\u00f6scht, sobald dieses Interesse nicht mehr besteht. Hierbei gelten die genannten Ausnahmen.<\/p>\n<p>Wenn Sie sich daf\u00fcr entscheiden solltest uns Ihre Daten auch f\u00fcr weitere Demo Touren zur Verf\u00fcgung zu stellen, speichern wir diese gern sicher ab. Dadurch k\u00f6nnen wir Ihnen auch f\u00fcr weitere Demo Touren einen beschleunigten Verleih-Prozess erm\u00f6glichen. Die Rechtsgrundlage daf\u00fcr stellt Ihre Einwilligung nach Art.\u00a06\u00a0Abs.\u00a01\u00a0lit.\u00a0a)\u00a0DSGVO dar.<\/p>\n<p>Im Rahmen des Vertragsverh\u00e4ltnisses m\u00fcssen Sie diejenigen personenbezogenen Daten bereitstellen, die f\u00fcr die Aufnahme, Durchf\u00fchrung und Beendigung des Vertragsverh\u00e4ltnisses und zur Erf\u00fcllung der damit verbundenen vertraglichen Pflichten erforderlich sind oder zu deren Erhebung wir gesetzlich verpflichtet sind. Ohne diese Daten werden wir in der Regel nicht in der Lage sein, den Vertrag mit Ihnen zu schlie\u00dfen oder diesen auszuf\u00fchren.<\/p>\n<p><strong>Ihre Rechte als Betroffener<\/strong><\/p>\n<p>Sie haben als betroffene Person<\/p>\n<ul>\n<li>das Recht auf Auskunft nach Art. 15 DSGVO,<\/li>\n<li>das Recht auf Berichtigung nach Art. 16 DSGVO,<\/li>\n<li>das Recht auf L\u00f6schung nach Art. 17 DSGVO,<\/li>\n<li>das Recht auf Einschr\u00e4nkung der Verarbeitung nach Art. 18 DSGVO,<\/li>\n<li>das Recht auf Widerspruch aus Art. 21 DSGVO sowie<\/li>\n<li>das Recht auf Daten\u00fcbertragbarkeit aus Art. 20 DSGVO.<\/li>\n<\/ul>\n<p>Beim Auskunftsrecht und beim L\u00f6schungsrecht gelten die Einschr\u00e4nkungen nach \u00a7\u00a7 34 und 35 BDSG.<\/p>\n<p>Sie k\u00f6nnen Ihr Beschwerderecht gegen\u00fcber einer zust\u00e4ndigen Aufsichtsbeh\u00f6rde geltend machen. Eine entsprechende Liste finden Sie hier:\u00a0<a href=\"https:\/\/www.bfdi.bund.de\/DE\/Infothek\/Anschriften_Links\/anschriften_links-node.html\">https:\/\/www.bfdi.bund.de\/DE\/Infothek\/Anschriften_Links\/anschriften_links-node.html<\/a><\/p>\n<p><strong>Verantwortlicher f\u00fcr die Datenverarbeitung<\/strong><\/p>\n<p>Skywalk GmbH &amp; Co. KG<br \/>Windeckstr. 4<br \/>83250 Marquartstein<br \/>Deutschland<\/p>\n<p><strong>Kontaktdaten f\u00fcr Ihre Fragen zum Datenschutz:\u00a0<\/strong><a href=\"mailto:datenschutz@skywalk.org\">datenschutz@skywalk.org<\/a><\/p>\n<p>Weiterf\u00fchrende Hinweise entnehmen Sie bitte unserer <a href=\"https:\/\/beta.flysurfer.com\/de\/datenschutz\/\">Datenschutzerkl\u00e4rung<\/a>, die wir Ihnen unmittelbar vor Absendung des Formulars zur Verf\u00fcgung stellen.<\/p>\n<p>[\/et_pb_text][et_pb_divider show_divider=&#8220;off&#8220; _builder_version=&#8220;3.19.5&#8243;][\/et_pb_divider][\/et_pb_column][\/et_pb_row][\/et_pb_section]<\/p>\n","protected":false},"excerpt":{"rendered":"<p>[et_pb_section fb_built=&#8220;1&#8243; admin_label=&#8220;section&#8220; _builder_version=&#8220;3.22&#8243;][et_pb_row admin_label=&#8220;row&#8220; _builder_version=&#8220;3.25&#8243; background_size=&#8220;initial&#8220; background_position=&#8220;top_left&#8220; background_repeat=&#8220;repeat&#8220;][et_pb_column type=&#8220;4_4&#8243; _builder_version=&#8220;3.25&#8243; custom_padding=&#8220;|||&#8220; custom_padding__hover=&#8220;|||&#8220;][et_pb_button button_url=&#8220;https:\/\/beta.flysurfer.com\/de\/demo-tour\/&#8220; button_text=&#8220;DEMO TOUR \u00dcBERSICHT&#8220; button_alignment=&#8220;right&#8220; button_alignment_tablet=&#8220;right&#8220; button_alignment_phone=&#8220;center&#8220; button_alignment_last_edited=&#8220;on|desktop&#8220; admin_label=&#8220;Button&#8220; _builder_version=&#8220;4.7.4&#8243; _module_preset=&#8220;default&#8220; custom_button=&#8220;on&#8220; button_bg_color=&#8220;#dc4405&#8243; button_border_width=&#8220;0px&#8220; button_use_icon=&#8220;off&#8220; background_layout=&#8220;dark&#8220; custom_margin=&#8220;||2%||false|false&#8220; custom_padding=&#8220;||||false|false&#8220; hover_enabled=&#8220;0&#8243; locked=&#8220;off&#8220; button_bg_color__hover=&#8220;#c99872&#8243; button_bg_color__hover_enabled=&#8220;on&#8220; button_border_color__hover=&#8220;#c99872&#8243; button_border_color__hover_enabled=&#8220;on&#8220; button_border_radius__hover=&#8220;0px&#8220; button_border_radius__hover_enabled=&#8220;on&#8220; button_letter_spacing__hover_enabled=&#8220;off|hover&#8220; button_bg_enable_color=&#8220;on&#8220; sticky_enabled=&#8220;0&#8243;][\/et_pb_button][et_pb_text admin_label=&#8220;Titel&#8220; _builder_version=&#8220;4.7.4&#8243; header_font=&#8220;|800|||||||&#8220; module_alignment=&#8220;left&#8220; custom_margin=&#8220;40px||||false|false&#8220; border_style=&#8220;solid&#8220;] ANMELDUNG DEMO TOUR Registriere dich vorab f\u00fcr [&hellip;]<\/p>\n","protected":false},"author":27,"featured_media":35079,"parent":0,"menu_order":0,"comment_status":"closed","ping_status":"closed","template":"","meta":{"_et_pb_use_builder":"on","_et_pb_old_content":"","_et_gb_content_width":"","footnotes":""},"class_list":["post-23558","page","type-page","status-publish","has-post-thumbnail","hentry"],"yoast_head":"<!-- This site is optimized with the Yoast SEO plugin v26.5 - https:\/\/yoast.com\/wordpress\/plugins\/seo\/ -->\n<title>Anmeldung Demo-Events - FLYSURFER<\/title>\n<meta name=\"description\" content=\"Melde dich hier zur FLYSURFER 2020 DEMO TOUR an und erfahre als Erste(r) vom n\u00e4chsten Testevent an deinem Home- Spot. Komm vorbei und teste unser Kite-Gear!\" \/>\n<meta name=\"robots\" content=\"index, follow, max-snippet:-1, max-image-preview:large, max-video-preview:-1\" \/>\n<link rel=\"canonical\" href=\"https:\/\/beta.flysurfer.com\/registration-demo-events\/\" \/>\n<meta property=\"og:locale\" content=\"de_DE\" \/>\n<meta property=\"og:type\" content=\"article\" \/>\n<meta property=\"og:title\" content=\"Anmeldung Demo-Events - FLYSURFER\" \/>\n<meta property=\"og:description\" content=\"Melde dich hier zur FLYSURFER 2020 DEMO TOUR an und erfahre als Erste(r) vom n\u00e4chsten Testevent an deinem Home- Spot. Komm vorbei und teste unser Kite-Gear!\" \/>\n<meta property=\"og:url\" content=\"https:\/\/beta.flysurfer.com\/registration-demo-events\/\" \/>\n<meta property=\"og:site_name\" content=\"FLYSURFER\" \/>\n<meta property=\"article:modified_time\" content=\"2024-12-12T11:35:50+00:00\" \/>\n<meta property=\"og:image\" content=\"https:\/\/beta.flysurfer.com\/files\/2021\/06\/FS-Demo-Tour-2021-Featured.jpg\" \/>\n\t<meta property=\"og:image:width\" content=\"1200\" \/>\n\t<meta property=\"og:image:height\" content=\"628\" \/>\n\t<meta property=\"og:image:type\" content=\"image\/jpeg\" \/>\n<meta name=\"twitter:card\" content=\"summary_large_image\" \/>\n<meta name=\"twitter:label1\" content=\"Gesch\u00e4tzte Lesezeit\" \/>\n\t<meta name=\"twitter:data1\" content=\"8\u00a0Minuten\" \/>\n<script type=\"application\/ld+json\" class=\"yoast-schema-graph\">{\"@context\":\"https:\/\/schema.org\",\"@graph\":[{\"@type\":\"WebPage\",\"@id\":\"https:\/\/beta.flysurfer.com\/registration-demo-events\/\",\"url\":\"https:\/\/beta.flysurfer.com\/registration-demo-events\/\",\"name\":\"Anmeldung Demo-Events - FLYSURFER\",\"isPartOf\":{\"@id\":\"https:\/\/flysurfer.com\/de\/#website\"},\"primaryImageOfPage\":{\"@id\":\"https:\/\/beta.flysurfer.com\/registration-demo-events\/#primaryimage\"},\"image\":{\"@id\":\"https:\/\/beta.flysurfer.com\/registration-demo-events\/#primaryimage\"},\"thumbnailUrl\":\"https:\/\/beta.flysurfer.com\/files\/2021\/06\/FS-Demo-Tour-2021-Featured.jpg\",\"datePublished\":\"2019-04-11T15:35:03+00:00\",\"dateModified\":\"2024-12-12T11:35:50+00:00\",\"description\":\"Melde dich hier zur FLYSURFER 2020 DEMO TOUR an und erfahre als Erste(r) vom n\u00e4chsten Testevent an deinem Home- Spot. Komm vorbei und teste unser Kite-Gear!\",\"breadcrumb\":{\"@id\":\"https:\/\/beta.flysurfer.com\/registration-demo-events\/#breadcrumb\"},\"inLanguage\":\"de\",\"potentialAction\":[{\"@type\":\"ReadAction\",\"target\":[\"https:\/\/beta.flysurfer.com\/registration-demo-events\/\"]}]},{\"@type\":\"ImageObject\",\"inLanguage\":\"de\",\"@id\":\"https:\/\/beta.flysurfer.com\/registration-demo-events\/#primaryimage\",\"url\":\"https:\/\/beta.flysurfer.com\/files\/2021\/06\/FS-Demo-Tour-2021-Featured.jpg\",\"contentUrl\":\"https:\/\/beta.flysurfer.com\/files\/2021\/06\/FS-Demo-Tour-2021-Featured.jpg\",\"width\":1200,\"height\":628},{\"@type\":\"BreadcrumbList\",\"@id\":\"https:\/\/beta.flysurfer.com\/registration-demo-events\/#breadcrumb\",\"itemListElement\":[{\"@type\":\"ListItem\",\"position\":1,\"name\":\"Home\",\"item\":\"https:\/\/beta.flysurfer.com\/de\/\"},{\"@type\":\"ListItem\",\"position\":2,\"name\":\"Anmeldung Demo-Events\"}]},{\"@type\":\"WebSite\",\"@id\":\"https:\/\/flysurfer.com\/de\/#website\",\"url\":\"https:\/\/flysurfer.com\/de\/\",\"name\":\"FLYSURFER\",\"description\":\"ahead of its time\",\"potentialAction\":[{\"@type\":\"SearchAction\",\"target\":{\"@type\":\"EntryPoint\",\"urlTemplate\":\"https:\/\/flysurfer.com\/de\/?s={search_term_string}\"},\"query-input\":{\"@type\":\"PropertyValueSpecification\",\"valueRequired\":true,\"valueName\":\"search_term_string\"}}],\"inLanguage\":\"de\"}]}<\/script>\n<!-- \/ Yoast SEO plugin. -->","yoast_head_json":{"title":"Anmeldung Demo-Events - FLYSURFER","description":"Melde dich hier zur FLYSURFER 2020 DEMO TOUR an und erfahre als Erste(r) vom n\u00e4chsten Testevent an deinem Home- Spot. Komm vorbei und teste unser Kite-Gear!","robots":{"index":"index","follow":"follow","max-snippet":"max-snippet:-1","max-image-preview":"max-image-preview:large","max-video-preview":"max-video-preview:-1"},"canonical":"https:\/\/beta.flysurfer.com\/registration-demo-events\/","og_locale":"de_DE","og_type":"article","og_title":"Anmeldung Demo-Events - FLYSURFER","og_description":"Melde dich hier zur FLYSURFER 2020 DEMO TOUR an und erfahre als Erste(r) vom n\u00e4chsten Testevent an deinem Home- Spot. Komm vorbei und teste unser Kite-Gear!","og_url":"https:\/\/beta.flysurfer.com\/registration-demo-events\/","og_site_name":"FLYSURFER","article_modified_time":"2024-12-12T11:35:50+00:00","og_image":[{"width":1200,"height":628,"url":"https:\/\/beta.flysurfer.com\/files\/2021\/06\/FS-Demo-Tour-2021-Featured.jpg","type":"image\/jpeg"}],"twitter_card":"summary_large_image","twitter_misc":{"Gesch\u00e4tzte Lesezeit":"8\u00a0Minuten"},"schema":{"@context":"https:\/\/schema.org","@graph":[{"@type":"WebPage","@id":"https:\/\/beta.flysurfer.com\/registration-demo-events\/","url":"https:\/\/beta.flysurfer.com\/registration-demo-events\/","name":"Anmeldung Demo-Events - FLYSURFER","isPartOf":{"@id":"https:\/\/flysurfer.com\/de\/#website"},"primaryImageOfPage":{"@id":"https:\/\/beta.flysurfer.com\/registration-demo-events\/#primaryimage"},"image":{"@id":"https:\/\/beta.flysurfer.com\/registration-demo-events\/#primaryimage"},"thumbnailUrl":"https:\/\/beta.flysurfer.com\/files\/2021\/06\/FS-Demo-Tour-2021-Featured.jpg","datePublished":"2019-04-11T15:35:03+00:00","dateModified":"2024-12-12T11:35:50+00:00","description":"Melde dich hier zur FLYSURFER 2020 DEMO TOUR an und erfahre als Erste(r) vom n\u00e4chsten Testevent an deinem Home- Spot. Komm vorbei und teste unser Kite-Gear!","breadcrumb":{"@id":"https:\/\/beta.flysurfer.com\/registration-demo-events\/#breadcrumb"},"inLanguage":"de","potentialAction":[{"@type":"ReadAction","target":["https:\/\/beta.flysurfer.com\/registration-demo-events\/"]}]},{"@type":"ImageObject","inLanguage":"de","@id":"https:\/\/beta.flysurfer.com\/registration-demo-events\/#primaryimage","url":"https:\/\/beta.flysurfer.com\/files\/2021\/06\/FS-Demo-Tour-2021-Featured.jpg","contentUrl":"https:\/\/beta.flysurfer.com\/files\/2021\/06\/FS-Demo-Tour-2021-Featured.jpg","width":1200,"height":628},{"@type":"BreadcrumbList","@id":"https:\/\/beta.flysurfer.com\/registration-demo-events\/#breadcrumb","itemListElement":[{"@type":"ListItem","position":1,"name":"Home","item":"https:\/\/beta.flysurfer.com\/de\/"},{"@type":"ListItem","position":2,"name":"Anmeldung Demo-Events"}]},{"@type":"WebSite","@id":"https:\/\/flysurfer.com\/de\/#website","url":"https:\/\/flysurfer.com\/de\/","name":"FLYSURFER","description":"ahead of its time","potentialAction":[{"@type":"SearchAction","target":{"@type":"EntryPoint","urlTemplate":"https:\/\/flysurfer.com\/de\/?s={search_term_string}"},"query-input":{"@type":"PropertyValueSpecification","valueRequired":true,"valueName":"search_term_string"}}],"inLanguage":"de"}]}},"_links":{"self":[{"href":"https:\/\/beta.flysurfer.com\/de\/wp-json\/wp\/v2\/pages\/23558","targetHints":{"allow":["GET"]}}],"collection":[{"href":"https:\/\/beta.flysurfer.com\/de\/wp-json\/wp\/v2\/pages"}],"about":[{"href":"https:\/\/beta.flysurfer.com\/de\/wp-json\/wp\/v2\/types\/page"}],"author":[{"embeddable":true,"href":"https:\/\/beta.flysurfer.com\/de\/wp-json\/wp\/v2\/users\/27"}],"replies":[{"embeddable":true,"href":"https:\/\/beta.flysurfer.com\/de\/wp-json\/wp\/v2\/comments?post=23558"}],"version-history":[{"count":73,"href":"https:\/\/beta.flysurfer.com\/de\/wp-json\/wp\/v2\/pages\/23558\/revisions"}],"predecessor-version":[{"id":63009,"href":"https:\/\/beta.flysurfer.com\/de\/wp-json\/wp\/v2\/pages\/23558\/revisions\/63009"}],"wp:featuredmedia":[{"embeddable":true,"href":"https:\/\/beta.flysurfer.com\/de\/wp-json\/wp\/v2\/media\/35079"}],"wp:attachment":[{"href":"https:\/\/beta.flysurfer.com\/de\/wp-json\/wp\/v2\/media?parent=23558"}],"curies":[{"name":"wp","href":"https:\/\/api.w.org\/{rel}","templated":true}]}}